{"id":14,"date":"2020-03-04T10:01:28","date_gmt":"2020-03-04T10:01:28","guid":{"rendered":"https:\/\/sailingtourbarcelona.com\/?page_id=14"},"modified":"2020-10-02T13:45:10","modified_gmt":"2020-10-02T11:45:10","slug":"blog","status":"publish","type":"page","link":"https:\/\/sailingtourbarcelona.com\/es\/blog\/","title":{"rendered":"Blog"},"content":{"rendered":"<p><div class=\"fusion-fullwidth fullwidth-box fusion-builder-row-1 fusion-parallax-none nonhundred-percent-fullwidth non-hundred-percent-height-scrolling\" style=\"--awb-border-radius-top-left:0px;--awb-border-radius-top-right:0px;--awb-border-radius-bottom-right:0px;--awb-border-radius-bottom-left:0px;--awb-background-image:url(&quot;https:\/\/sailingtourbarcelona.com\/wp-content\/uploads\/2020\/07\/header-sailing-min.jpg&quot;);--awb-background-size:cover;--awb-flex-wrap:wrap;\" ><div class=\"fusion-builder-row fusion-row\"><div class=\"fusion-layout-column fusion_builder_column fusion-builder-column-0 fusion_builder_column_1_1 1_1 fusion-one-full fusion-column-first fusion-column-last\" style=\"--awb-padding-top:13%;--awb-padding-bottom:13%;--awb-bg-size:cover;\"><div class=\"fusion-column-wrapper fusion-column-has-shadow fusion-flex-column-wrapper-legacy\"><div class=\"fusion-title title fusion-title-1 fusion-sep-none fusion-title-center fusion-title-text fusion-title-size-one\" style=\"--awb-text-color:#ffffff;--awb-font-size:60px;\"><h1 class=\"fusion-title-heading title-heading-center fusion-responsive-typography-calculated\" style=\"margin:0;font-size:1em;--fontSize:60;line-height:1.16;\">BLOG<\/h1><\/div><div class=\"fusion-clearfix\"><\/div><\/div><\/div><\/div><\/div><div class=\"fusion-fullwidth fullwidth-box fusion-builder-row-2 nonhundred-percent-fullwidth non-hundred-percent-height-scrolling\" style=\"--awb-border-radius-top-left:0px;--awb-border-radius-top-right:0px;--awb-border-radius-bottom-right:0px;--awb-border-radius-bottom-left:0px;--awb-padding-top:50px;--awb-flex-wrap:wrap;\" ><div class=\"fusion-builder-row fusion-row\"><div class=\"fusion-layout-column fusion_builder_column fusion-builder-column-1 fusion_builder_column_1_1 1_1 fusion-one-full fusion-column-first fusion-column-last\" style=\"--awb-bg-size:cover;\"><div class=\"fusion-column-wrapper fusion-column-has-shadow fusion-flex-column-wrapper-legacy\"><div class=\"fusion-blog-shortcode fusion-blog-shortcode-1 fusion-blog-archive fusion-blog-layout-medium fusion-blog-pagination\"><div class=\"fusion-posts-container fusion-posts-container-pagination fusion-no-meta-info\" data-pages=\"1\"><article id=\"blog-1-post-2159\" class=\"fusion-post-medium post-2159 post type-post status-publish format-standard has-post-thumbnail hentry category-sin-categorizar\">\n\t<style type=\"text\/css\">\n\t\t\n\t\t\n\t\t\n\t\t\n\t\t\t<\/style>\n\n\n\t\t\t<div class=\"fusion-flexslider flexslider fusion-flexslider-loading fusion-post-slideshow\" style=\"\">\n\t\t<ul class=\"slides\">\n\t\t\t\n\t\t\t\t\t\t\t\t\t\t\t\t\t\t<li><div  class=\"fusion-image-wrapper fusion-image-size-fixed\" aria-haspopup=\"true\">\n\t\t\t\t\t\t\t<a href=\"https:\/\/sailingtourbarcelona.com\/es\/velero-barcelona-team-building\/\" aria-label=\"Experiencias para empresas en Velero en Barcelona: Team Building, Paseo en barco, Alquileres\">\n\t\t\t\t\t\t\t<img decoding=\"async\" width=\"320\" height=\"202\" src=\"https:\/\/sailingtourbarcelona.com\/wp-content\/uploads\/2024\/02\/istockphoto-1267273020-612x612-1-320x202.jpg\" class=\"attachment-blog-medium size-blog-medium wp-post-image\" alt=\"\" \/>\t\t\t<\/a>\n\t\t\t\t\t\t\t<\/div>\n<\/li>\n\t\t\t\n\t\t\t\n\t\t\t\t\t\t\t\t\t\t\t\t\t\t\t\t\t\t\t\t\t\t\t\t\t\t\t\t\t\t\t\t\t\t\t\t\t\t\t\t\t\t\t\t\t\t\t\t\t\t\t\t\t\t\t\t\t\t\t\t\t\t\t\t\t\t\t\t<\/ul>\n\t<\/div>\n\t<div class=\"fusion-post-content post-content\"><h2 class=\"blog-shortcode-post-title entry-title\"><a href=\"https:\/\/sailingtourbarcelona.com\/es\/velero-barcelona-team-building\/\">Experiencias para empresas en Velero en Barcelona: Team Building, Paseo en barco, Alquileres<\/a><\/h2><div class=\"fusion-post-content-container\"><p> \u00bfHas pensado en darle a tu equipo una experiencia diferente y emocionante? Alquilar un velero en Barcelona para tu empresa puede ser una excelente opci\u00f3n. Explorando Barcelona desde el Mar: Paseos en Barco Barcelona Imagina la emoci\u00f3n de navegar por las aguas de Barcelona, con vistas espectaculares de la ciudad desde una perspectiva totalmente nueva. Los paseos en barco en Barcelona son una forma divertida y relajante de pasar tiempo juntos, disfrutando del sol y del aire fresco del [...]<\/p><\/div><\/div><div class=\"fusion-clearfix\"><\/div><\/article>\n<article id=\"blog-1-post-2148\" class=\"fusion-post-medium post-2148 post type-post status-publish format-standard has-post-thumbnail hentry category-sin-categorizar\">\n\t<style type=\"text\/css\">\n\t\t\n\t\t\n\t\t\n\t\t\n\t\t\t<\/style>\n\n\n\t\t\t<div class=\"fusion-flexslider flexslider fusion-flexslider-loading fusion-post-slideshow\" style=\"\">\n\t\t<ul class=\"slides\">\n\t\t\t\n\t\t\t\t\t\t\t\t\t\t\t\t\t\t<li><div  class=\"fusion-image-wrapper fusion-image-size-fixed\" aria-haspopup=\"true\">\n\t\t\t\t\t\t\t<a href=\"https:\/\/sailingtourbarcelona.com\/es\/alquiler-de-barco-para-ver-la-copa-america-de-barcelona-2024\/\" aria-label=\"Alquiler de Barco para ver la Copa Am\u00e9rica de Barcelona 2024\">\n\t\t\t\t\t\t\t<img decoding=\"async\" width=\"320\" height=\"202\" src=\"https:\/\/sailingtourbarcelona.com\/wp-content\/uploads\/2023\/12\/Copa-America-de-Vela-2021-320x202.jpg\" class=\"attachment-blog-medium size-blog-medium wp-post-image\" alt=\"\" srcset=\"https:\/\/sailingtourbarcelona.com\/wp-content\/uploads\/2023\/12\/Copa-America-de-Vela-2021-320x202.jpg 320w, https:\/\/sailingtourbarcelona.com\/wp-content\/uploads\/2023\/12\/Copa-America-de-Vela-2021-700x441.jpg 700w\" sizes=\"(max-width: 320px) 100vw, 320px\" \/>\t\t\t<\/a>\n\t\t\t\t\t\t\t<\/div>\n<\/li>\n\t\t\t\n\t\t\t\n\t\t\t\t\t\t\t\t\t\t\t\t\t\t\t\t\t\t\t\t\t\t\t\t\t\t\t\t\t\t\t\t\t\t\t\t\t\t\t\t\t\t\t\t\t\t\t\t\t\t\t\t\t\t\t\t\t\t\t\t\t\t\t\t\t\t\t\t<\/ul>\n\t<\/div>\n\t<div class=\"fusion-post-content post-content\"><h2 class=\"blog-shortcode-post-title entry-title\"><a href=\"https:\/\/sailingtourbarcelona.com\/es\/alquiler-de-barco-para-ver-la-copa-america-de-barcelona-2024\/\">Alquiler de Barco para ver la Copa Am\u00e9rica de Barcelona 2024<\/a><\/h2><div class=\"fusion-post-content-container\"><p> Barcelona, una ciudad que respira pasi\u00f3n por el mar, se prepara para recibir uno de los eventos n\u00e1uticos m\u00e1s emocionantes: la Copa Am\u00e9rica 2024. En este art\u00edculo, exploraremos la fascinante experiencia de presenciar este evento desde la comodidad de un barco privado. Descubre por qu\u00e9 el alquiler de barco con patr\u00f3n se presenta como la mejor opci\u00f3n y c\u00f3moda para disfrutar de la Copa Am\u00e9rica de Barcelona. Copa Am\u00e9rica Barcelona 2024: Una Regata de \u00c9lite La Copa Am\u00e9rica es [...]<\/p><\/div><\/div><div class=\"fusion-clearfix\"><\/div><\/article>\n<article id=\"blog-1-post-2087\" class=\"fusion-post-medium post-2087 post type-post status-publish format-standard has-post-thumbnail hentry category-navegar-por-barcelona\">\n\t<style type=\"text\/css\">\n\t\t\n\t\t\n\t\t\n\t\t\n\t\t\t<\/style>\n\n\n\t\t\t<div class=\"fusion-flexslider flexslider fusion-flexslider-loading fusion-post-slideshow\" style=\"\">\n\t\t<ul class=\"slides\">\n\t\t\t\n\t\t\t\t\t\t\t\t\t\t\t\t\t\t<li><div  class=\"fusion-image-wrapper fusion-image-size-fixed\" aria-haspopup=\"true\">\n\t\t\t\t\t\t\t<a href=\"https:\/\/sailingtourbarcelona.com\/es\/copa-america-vela-barcelona\/\" aria-label=\"Copa Am\u00e9rica de Vela Barcelona 2024\">\n\t\t\t\t\t\t\t<img decoding=\"async\" width=\"320\" height=\"202\" src=\"https:\/\/sailingtourbarcelona.com\/wp-content\/uploads\/2023\/05\/Copa-america-1-320x202.jpg\" class=\"attachment-blog-medium size-blog-medium wp-post-image\" alt=\"\" srcset=\"https:\/\/sailingtourbarcelona.com\/wp-content\/uploads\/2023\/05\/Copa-america-1-320x202.jpg 320w, https:\/\/sailingtourbarcelona.com\/wp-content\/uploads\/2023\/05\/Copa-america-1-700x441.jpg 700w\" sizes=\"(max-width: 320px) 100vw, 320px\" \/>\t\t\t<\/a>\n\t\t\t\t\t\t\t<\/div>\n<\/li>\n\t\t\t\n\t\t\t\n\t\t\t\t\t\t\t\t\t\t\t\t\t\t\t\t\t\t\t\t\t\t\t\t\t\t\t\t\t\t\t\t\t\t\t\t\t\t\t\t\t\t\t\t\t\t\t\t\t\t\t\t\t\t\t\t\t\t\t\t\t\t\t\t\t\t\t\t<\/ul>\n\t<\/div>\n\t<div class=\"fusion-post-content post-content\"><h2 class=\"blog-shortcode-post-title entry-title\"><a href=\"https:\/\/sailingtourbarcelona.com\/es\/copa-america-vela-barcelona\/\">Copa Am\u00e9rica de Vela Barcelona 2024<\/a><\/h2><div class=\"fusion-post-content-container\"><p> Copa Am\u00e9rica de Vela Barcelona 2024 La Copa Am\u00e9rica de Vela es uno de los eventos deportivos m\u00e1s destacados del mundo de la vela, y este a\u00f1o se celebrar\u00e1 en la ciudad de Barcelona, Espa\u00f1a. Este evento atrae a los mejores equipos de vela de todo el mundo, y se espera que la competici\u00f3n sea m\u00e1s intensa que nunca. En esta ocasi\u00f3n, la Copa Am\u00e9rica de Vela tendr\u00e1 lugar en agosto de 2024, y se celebrar\u00e1 en las aguas [...]<\/p><\/div><\/div><div class=\"fusion-clearfix\"><\/div><\/article>\n<article id=\"blog-1-post-2085\" class=\"fusion-post-medium post-2085 post type-post status-publish format-standard has-post-thumbnail hentry category-sin-categorizar\">\n\t<style type=\"text\/css\">\n\t\t\n\t\t\n\t\t\n\t\t\n\t\t\t<\/style>\n\n\n\t\t\t<div class=\"fusion-flexslider flexslider fusion-flexslider-loading fusion-post-slideshow\" style=\"\">\n\t\t<ul class=\"slides\">\n\t\t\t\n\t\t\t\t\t\t\t\t\t\t\t\t\t\t<li><div  class=\"fusion-image-wrapper fusion-image-size-fixed\" aria-haspopup=\"true\">\n\t\t\t\t\t\t\t<a href=\"https:\/\/sailingtourbarcelona.com\/es\/despedida-de-soltera-barcelona\/\" aria-label=\"Celebra tu despedida de soltera en Barcelona\">\n\t\t\t\t\t\t\t<img decoding=\"async\" width=\"320\" height=\"202\" src=\"https:\/\/sailingtourbarcelona.com\/wp-content\/uploads\/2023\/04\/friends-laughing-during-boat-trip-in-the-evening-l-2022-12-16-22-25-04-utc-320x202.jpg\" class=\"attachment-blog-medium size-blog-medium wp-post-image\" alt=\"\" srcset=\"https:\/\/sailingtourbarcelona.com\/wp-content\/uploads\/2023\/04\/friends-laughing-during-boat-trip-in-the-evening-l-2022-12-16-22-25-04-utc-320x202.jpg 320w, https:\/\/sailingtourbarcelona.com\/wp-content\/uploads\/2023\/04\/friends-laughing-during-boat-trip-in-the-evening-l-2022-12-16-22-25-04-utc-700x441.jpg 700w\" sizes=\"(max-width: 320px) 100vw, 320px\" \/>\t\t\t<\/a>\n\t\t\t\t\t\t\t<\/div>\n<\/li>\n\t\t\t\n\t\t\t\n\t\t\t\t\t\t\t\t\t\t\t\t\t\t\t\t\t\t\t\t\t\t\t\t\t\t\t\t\t\t\t\t\t\t\t\t\t\t\t\t\t\t\t\t\t\t\t\t\t\t\t\t\t\t\t\t\t\t\t\t\t\t\t\t\t\t\t\t<\/ul>\n\t<\/div>\n\t<div class=\"fusion-post-content post-content\"><h2 class=\"blog-shortcode-post-title entry-title\"><a href=\"https:\/\/sailingtourbarcelona.com\/es\/despedida-de-soltera-barcelona\/\">Celebra tu despedida de soltera en Barcelona<\/a><\/h2><div class=\"fusion-post-content-container\"><p> \u00bfEst\u00e1s buscando una forma \u00fanica y divertida de celebrar tu despedida de soltera en Barcelona? \u00bfQu\u00e9 tal un d\u00eda a bordo de un velero en Port Ol\u00edmpic? Un alquiler de barco privado para 11 personas con un capit\u00e1n, comida y bebidas incluidas es una forma econ\u00f3mica, inolvidable y divertida de celebrar tu despedida de soltera. Port Ol\u00edmpic es una zona portuaria ubicada en el barrio de la Barceloneta. Es uno de los lugares m\u00e1s populares para alquilar barcos y [...]<\/p><\/div><\/div><div class=\"fusion-clearfix\"><\/div><\/article>\n<article id=\"blog-1-post-510\" class=\"fusion-post-medium post-510 post type-post status-publish format-standard has-post-thumbnail hentry category-sin-categorizar\">\n\t<style type=\"text\/css\">\n\t\t\n\t\t\n\t\t\n\t\t\n\t\t\t<\/style>\n\n\n\t\t\t<div class=\"fusion-flexslider flexslider fusion-flexslider-loading fusion-post-slideshow\" style=\"\">\n\t\t<ul class=\"slides\">\n\t\t\t\n\t\t\t\t\t\t\t\t\t\t\t\t\t\t<li><div  class=\"fusion-image-wrapper fusion-image-size-fixed\" aria-haspopup=\"true\">\n\t\t\t\t\t\t\t<a href=\"https:\/\/sailingtourbarcelona.com\/es\/alquilar-barco-en-barcelona-para-ir-a-mallorca\/\" aria-label=\"Alquilar barco en Barcelona para ir a Mallorca\">\n\t\t\t\t\t\t\t<img decoding=\"async\" width=\"320\" height=\"202\" src=\"https:\/\/sailingtourbarcelona.com\/wp-content\/uploads\/2023\/04\/sailboat-during-sunset-in-the-aegean-sea-2023-01-16-05-26-53-utc-320x202.jpg\" class=\"attachment-blog-medium size-blog-medium wp-post-image\" alt=\"\" srcset=\"https:\/\/sailingtourbarcelona.com\/wp-content\/uploads\/2023\/04\/sailboat-during-sunset-in-the-aegean-sea-2023-01-16-05-26-53-utc-320x202.jpg 320w, https:\/\/sailingtourbarcelona.com\/wp-content\/uploads\/2023\/04\/sailboat-during-sunset-in-the-aegean-sea-2023-01-16-05-26-53-utc-700x441.jpg 700w\" sizes=\"(max-width: 320px) 100vw, 320px\" \/>\t\t\t<\/a>\n\t\t\t\t\t\t\t<\/div>\n<\/li>\n\t\t\t\n\t\t\t\n\t\t\t\t\t\t\t\t\t\t\t\t\t\t\t\t\t\t\t\t\t\t\t\t\t\t\t\t\t\t\t\t\t\t\t\t\t\t\t\t\t\t\t\t\t\t\t\t\t\t\t\t\t\t\t\t\t\t\t\t\t\t\t\t\t\t\t\t<\/ul>\n\t<\/div>\n\t<div class=\"fusion-post-content post-content\"><h2 class=\"blog-shortcode-post-title entry-title\"><a href=\"https:\/\/sailingtourbarcelona.com\/es\/alquilar-barco-en-barcelona-para-ir-a-mallorca\/\">Alquilar barco en Barcelona para ir a Mallorca<\/a><\/h2><div class=\"fusion-post-content-container\"><p> Alquilar un barco en Barcelona para ir a Mallorca o cualquiera de sus islas es una gran opci\u00f3n y una aventura asegurada para ir con familia o amigos durante las vacaciones. Si quieres alquilar un barco en Barcelona y no tienes suficientemente experiencia en la navegaci\u00f3n yo te recomendar\u00eda que lo hagas con un patr\u00f3n profesional, de esta manera siempre estar\u00e9is m\u00e1s relajados. Hay que tener en cuenta que durante una navegaci\u00f3n en traves\u00eda la tripulaci\u00f3n es participe de\u00a0 [...]<\/p><\/div><\/div><div class=\"fusion-clearfix\"><\/div><\/article>\n<article id=\"blog-1-post-741\" class=\"fusion-post-medium post-741 post type-post status-publish format-standard has-post-thumbnail hentry category-travesias\">\n\t<style type=\"text\/css\">\n\t\t\n\t\t\n\t\t\n\t\t\n\t\t\t<\/style>\n\n\n\t\t\t<div class=\"fusion-flexslider flexslider fusion-flexslider-loading fusion-post-slideshow\" style=\"\">\n\t\t<ul class=\"slides\">\n\t\t\t\n\t\t\t\t\t\t\t\t\t\t\t\t\t\t<li><div  class=\"fusion-image-wrapper fusion-image-size-fixed\" aria-haspopup=\"true\">\n\t\t\t\t\t\t\t<a href=\"https:\/\/sailingtourbarcelona.com\/es\/alquiler-velero-en-barcelona-travesia-islas-baleares\/\" aria-label=\"Alquiler velero en Barcelona para una travesia hasta Islas Baleares\">\n\t\t\t\t\t\t\t<img decoding=\"async\" width=\"320\" height=\"202\" src=\"https:\/\/sailingtourbarcelona.com\/wp-content\/uploads\/2020\/06\/IMG_20190318_072858_822-320x202.jpg\" class=\"attachment-blog-medium size-blog-medium wp-post-image\" alt=\"Alquiler velero en Barcelona\" \/>\t\t\t<\/a>\n\t\t\t\t\t\t\t<\/div>\n<\/li>\n\t\t\t\n\t\t\t\n\t\t\t\t\t\t\t\t\t\t\t\t\t\t\t\t\t\t\t\t\t\t\t\t\t\t\t\t\t\t\t\t\t\t\t\t\t\t\t\t\t\t\t\t\t\t\t\t\t\t\t\t\t\t\t\t\t\t\t\t\t\t\t\t\t\t\t\t<\/ul>\n\t<\/div>\n\t<div class=\"fusion-post-content post-content\"><h2 class=\"blog-shortcode-post-title entry-title\"><a href=\"https:\/\/sailingtourbarcelona.com\/es\/alquiler-velero-en-barcelona-travesia-islas-baleares\/\">Alquiler velero en Barcelona para una travesia hasta Islas Baleares<\/a><\/h2><div class=\"fusion-post-content-container\"><p>El alquiler velero en Barcelona te permite explorar una regi\u00f3n entera en lugar de solo un centro tur\u00edstico o una ciudad espec\u00edfica. Como tu alojamiento viaja contigo, no hay necesidad de hacer las maletas cada vez que cambias de ubicaci\u00f3n y no tendr\u00e1s que preocuparte de arrastrar a tu grupo para el pr\u00f3ximo destino. Lo mejor de todo es que tendr\u00e1 un trato VIP desde el principio hasta el final, no tendr\u00e1 que compartir con otros hu\u00e9spedes como lo har\u00edas [...]<\/p><\/div><\/div><div class=\"fusion-clearfix\"><\/div><\/article>\n<article id=\"blog-1-post-732\" class=\"fusion-post-medium post-732 post type-post status-publish format-standard has-post-thumbnail hentry category-navegar-por-barcelona\">\n\t<style type=\"text\/css\">\n\t\t\n\t\t\n\t\t\n\t\t\n\t\t\t<\/style>\n\n\n\t\t\t<div class=\"fusion-flexslider flexslider fusion-flexslider-loading fusion-post-slideshow\" style=\"\">\n\t\t<ul class=\"slides\">\n\t\t\t\n\t\t\t\t\t\t\t\t\t\t\t\t\t\t<li><div  class=\"fusion-image-wrapper fusion-image-size-fixed\" aria-haspopup=\"true\">\n\t\t\t\t\t\t\t<a href=\"https:\/\/sailingtourbarcelona.com\/es\/8-razones-para-alquilar-barco-en-barcelona\/\" aria-label=\"8 razones para alquilar barco en Barcelona\">\n\t\t\t\t\t\t\t<img decoding=\"async\" width=\"320\" height=\"202\" src=\"https:\/\/sailingtourbarcelona.com\/wp-content\/uploads\/2020\/10\/alquilar-barco-en-Barcelona-1-320x202.jpg\" class=\"attachment-blog-medium size-blog-medium wp-post-image\" alt=\"alquilar barco en Barcelona\" srcset=\"https:\/\/sailingtourbarcelona.com\/wp-content\/uploads\/2020\/10\/alquilar-barco-en-Barcelona-1-320x202.jpg 320w, https:\/\/sailingtourbarcelona.com\/wp-content\/uploads\/2020\/10\/alquilar-barco-en-Barcelona-1-700x441.jpg 700w\" sizes=\"(max-width: 320px) 100vw, 320px\" \/>\t\t\t<\/a>\n\t\t\t\t\t\t\t<\/div>\n<\/li>\n\t\t\t\n\t\t\t\n\t\t\t\t\t\t\t\t\t\t\t\t\t\t\t\t\t\t\t\t\t\t\t\t\t\t\t\t\t\t\t\t\t\t\t\t\t\t\t\t\t\t\t\t\t\t\t\t\t\t\t\t\t\t\t\t\t\t\t\t\t\t\t\t\t\t\t\t<\/ul>\n\t<\/div>\n\t<div class=\"fusion-post-content post-content\"><h2 class=\"blog-shortcode-post-title entry-title\"><a href=\"https:\/\/sailingtourbarcelona.com\/es\/8-razones-para-alquilar-barco-en-barcelona\/\">8 razones para alquilar barco en Barcelona<\/a><\/h2><div class=\"fusion-post-content-container\"><p>Con tantas cosas que hacer en la costa catalana, seguramente est\u00e1s planeando alquilar barco en Barcelona con capit\u00e1n y pasar un d\u00eda haciendo algo diferente sin tenerte que preocupar de nada. No nos enga\u00f1emos, tal como est\u00e1 el panorama actual en Espa\u00f1a, lo mejor es hacer actividades alejadas de la multitud y limitar el contacto f\u00edsico con desconocidos. Una de las opciones que est\u00e1 en auge es la de navegar. As\u00ed que, \u00bfqu\u00e9 mejor que alquilar barco en Barcelona y [...]<\/p><\/div><\/div><div class=\"fusion-clearfix\"><\/div><\/article>\n<\/div><\/div><div class=\"fusion-clearfix\"><\/div><\/div><\/div><\/div><\/div><\/p>\n","protected":false},"excerpt":{"rendered":"","protected":false},"author":1,"featured_media":0,"parent":0,"menu_order":0,"comment_status":"closed","ping_status":"closed","template":"100-width.php","meta":{"footnotes":""},"_links":{"self":[{"href":"https:\/\/sailingtourbarcelona.com\/es\/wp-json\/wp\/v2\/pages\/14"}],"collection":[{"href":"https:\/\/sailingtourbarcelona.com\/es\/wp-json\/wp\/v2\/pages"}],"about":[{"href":"https:\/\/sailingtourbarcelona.com\/es\/wp-json\/wp\/v2\/types\/page"}],"author":[{"embeddable":true,"href":"https:\/\/sailingtourbarcelona.com\/es\/wp-json\/wp\/v2\/users\/1"}],"replies":[{"embeddable":true,"href":"https:\/\/sailingtourbarcelona.com\/es\/wp-json\/wp\/v2\/comments?post=14"}],"version-history":[{"count":0,"href":"https:\/\/sailingtourbarcelona.com\/es\/wp-json\/wp\/v2\/pages\/14\/revisions"}],"wp:attachment":[{"href":"https:\/\/sailingtourbarcelona.com\/es\/wp-json\/wp\/v2\/media?parent=14"}],"curies":[{"name":"wp","href":"https:\/\/api.w.org\/{rel}","templated":true}]}}