{"id":1664,"date":"2023-04-04T12:29:29","date_gmt":"2023-04-04T10:29:29","guid":{"rendered":"https:\/\/sailingtourbarcelona.com\/?page_id=1664"},"modified":"2024-02-14T11:49:10","modified_gmt":"2024-02-14T10:49:10","slug":"alquiler-velero-parejas-barcelona","status":"publish","type":"page","link":"https:\/\/sailingtourbarcelona.com\/es\/alquiler-velero-parejas-barcelona\/","title":{"rendered":"Alquiler de velero para parejas"},"content":{"rendered":"<div class=\"fusion-fullwidth fullwidth-box fusion-builder-row-1 fusion-flex-container has-pattern-background has-mask-background nonhundred-percent-fullwidth non-hundred-percent-height-scrolling\" style=\"--awb-border-radius-top-left:0px;--awb-border-radius-top-right:0px;--awb-border-radius-bottom-right:0px;--awb-border-radius-bottom-left:0px;--awb-flex-wrap:wrap;\" ><div class=\"fusion-builder-row fusion-row fusion-flex-align-items-flex-start fusion-flex-content-wrap\" style=\"max-width:1248px;margin-left: calc(-4% \/ 2 );margin-right: calc(-4% \/ 2 );\"><div class=\"fusion-layout-column fusion_builder_column fusion-builder-column-0 fusion_builder_column_1_1 1_1 fusion-flex-column\" style=\"--awb-bg-size:cover;--awb-width-large:100%;--awb-margin-top-large:0px;--awb-spacing-right-large:1.92%;--awb-margin-bottom-large:20px;--awb-spacing-left-large:1.92%;--awb-width-medium:100%;--awb-order-medium:0;--awb-spacing-right-medium:1.92%;--awb-spacing-left-medium:1.92%;--awb-width-small:100%;--awb-order-small:0;--awb-spacing-right-small:1.92%;--awb-spacing-left-small:1.92%;\"><div class=\"fusion-column-wrapper fusion-column-has-shadow fusion-flex-justify-content-flex-start fusion-content-layout-column\"><div class=\"fusion-title title fusion-title-1 fusion-sep-none fusion-title-center fusion-title-text fusion-title-size-one\"><h1 class=\"fusion-title-heading title-heading-center fusion-responsive-typography-calculated\" style=\"margin:0;--fontSize:54;line-height:1.16;\">Alquiler de velero para parejas<\/h1><\/div><div class=\"fusion-title title fusion-title-2 fusion-sep-none fusion-title-center fusion-title-text fusion-title-size-two\" style=\"--awb-text-color:var(--awb-color5);\"><h2 class=\"fusion-title-heading title-heading-center fusion-responsive-typography-calculated\" style=\"margin:0;--fontSize:32;line-height:1.2;\">Escoge tu paseo rom\u00e1ntico en velero para parejas por Barcelona<\/h2><\/div><div class=\"fusion-text fusion-text-1\"><p>A bordo de un velero, la experiencia rom\u00e1ntica inolvidable est\u00e1 asegurada. Imagina poder <strong>desconectar, y a la vez conectar <\/strong>con la naturaleza navegando. <strong>Si quieres sorprender a tu pareja<\/strong>, celebrar ese acontecimiento especial o simplemente hacer una escapada rom\u00e1ntica para disfrutar de la puesta de sol desde el mar, no dejes escapar esta oportunidad.<\/p>\n<\/div><\/div><\/div><div class=\"fusion-layout-column fusion_builder_column fusion-builder-column-1 fusion_builder_column_1_1 1_1 fusion-flex-column\" style=\"--awb-bg-size:cover;--awb-width-large:100%;--awb-margin-top-large:50px;--awb-spacing-right-large:1.92%;--awb-margin-bottom-large:20px;--awb-spacing-left-large:1.92%;--awb-width-medium:100%;--awb-order-medium:0;--awb-spacing-right-medium:1.92%;--awb-spacing-left-medium:1.92%;--awb-width-small:100%;--awb-order-small:0;--awb-spacing-right-small:1.92%;--awb-spacing-left-small:1.92%;\"><div class=\"fusion-column-wrapper fusion-column-has-shadow fusion-flex-justify-content-flex-start fusion-content-layout-column\"><div class=\"fusion-woo-product-grid fusion-product-archive fusion-woo-product-grid-1\"><ul class=\"products products-4\"><li class=\"product type-product post-1621 status-publish first instock product_cat-parejas product_tag-87 has-post-thumbnail shipping-taxable purchasable product-type-appointment product-grid-view\">\n\t<div class=\"fusion-product-wrapper\">\n<div class=\"fusion-clean-product-image-wrapper \">\n\t<div  class=\"fusion-image-wrapper fusion-image-size-fixed\" aria-haspopup=\"true\">\n\t\t\t\t\t\t\t<a href=\"https:\/\/sailingtourbarcelona.com\/es\/producto\/experiencia-parejas\/\" aria-label=\"Experiencia parejas &#8211; 2 horas\">\n\t\t\t\t\t\t\t<img decoding=\"async\" width=\"500\" height=\"375\" src=\"https:\/\/sailingtourbarcelona.com\/wp-content\/uploads\/2023\/03\/salida-en-velero-en-Barcelona-3-500x375.jpg\" class=\"attachment-woocommerce_thumbnail size-woocommerce_thumbnail wp-post-image\" alt=\"Experiencia parejas\" \/><div class=\"cart-loading\"><i class=\"awb-icon-spinner\" aria-hidden=\"true\"><\/i><\/div>\t\t\t<\/a>\n\t\t\t\t\t\t\t<\/div>\n<\/div>\n<div class=\"fusion-product-content\">\n\t<div class=\"product-details\">\n\t\t<div class=\"product-details-container\">\n<h3 class=\"product-title\">\n\t<a href=\"https:\/\/sailingtourbarcelona.com\/es\/producto\/experiencia-parejas\/\">\n\t\tExperiencia parejas &#8211; 2 horas\t<\/a>\n<\/h3>\n<div class=\"fusion-price-rating\">\n\n\t<span class=\"price\"><span class=\"woocommerce-Price-amount amount\"><bdi>380,00<span class=\"woocommerce-Price-currencySymbol\">&euro;<\/span><\/bdi><\/span> <small class=\"duration\">2 horas<\/small><\/span>\n\t\t<\/div>\n\t<\/div>\n<\/div>\n\n\t<\/div> \n\n\n<\/div>\n<\/li>\n<li class=\"product type-product post-1634 status-publish instock product_cat-parejas product_tag-88 has-post-thumbnail shipping-taxable purchasable product-type-appointment product-grid-view\">\n\t<div class=\"fusion-product-wrapper\">\n<div class=\"fusion-clean-product-image-wrapper \">\n\t<div  class=\"fusion-image-wrapper fusion-image-size-fixed\" aria-haspopup=\"true\">\n\t\t\t\t\t\t\t<a href=\"https:\/\/sailingtourbarcelona.com\/es\/producto\/experiencia-parejas-3-horas\/\" aria-label=\"Experiencia parejas &#8211; 3 horas\">\n\t\t\t\t\t\t\t<img decoding=\"async\" width=\"500\" height=\"375\" src=\"https:\/\/sailingtourbarcelona.com\/wp-content\/uploads\/2023\/03\/beautiful-couple-taking-a-photo-on-a-sailing-boat-2022-11-16-16-26-58-utc-500x375.jpg\" class=\"attachment-woocommerce_thumbnail size-woocommerce_thumbnail wp-post-image\" alt=\"\" \/><div class=\"cart-loading\"><i class=\"awb-icon-spinner\" aria-hidden=\"true\"><\/i><\/div>\t\t\t<\/a>\n\t\t\t\t\t\t\t<\/div>\n<\/div>\n<div class=\"fusion-product-content\">\n\t<div class=\"product-details\">\n\t\t<div class=\"product-details-container\">\n<h3 class=\"product-title\">\n\t<a href=\"https:\/\/sailingtourbarcelona.com\/es\/producto\/experiencia-parejas-3-horas\/\">\n\t\tExperiencia parejas &#8211; 3 horas\t<\/a>\n<\/h3>\n<div class=\"fusion-price-rating\">\n\n\t<span class=\"price\"><span class=\"woocommerce-Price-amount amount\"><bdi>460,00<span class=\"woocommerce-Price-currencySymbol\">&euro;<\/span><\/bdi><\/span> <small class=\"duration\">3 horas<\/small><\/span>\n\t\t<\/div>\n\t<\/div>\n<\/div>\n\n\t<\/div> \n\n\n<\/div>\n<\/li>\n<li class=\"product type-product post-1635 status-publish instock product_cat-parejas product_tag-89 has-post-thumbnail shipping-taxable purchasable product-type-appointment product-grid-view\">\n\t<div class=\"fusion-product-wrapper\">\n<div class=\"fusion-clean-product-image-wrapper \">\n\t<div  class=\"fusion-image-wrapper fusion-image-size-fixed\" aria-haspopup=\"true\">\n\t\t\t\t\t\t\t<a href=\"https:\/\/sailingtourbarcelona.com\/es\/producto\/experiencia-parejas-4-horas\/\" aria-label=\"Experiencia parejas &#8211; 4 horas\">\n\t\t\t\t\t\t\t<img decoding=\"async\" width=\"500\" height=\"375\" src=\"https:\/\/sailingtourbarcelona.com\/wp-content\/uploads\/2023\/03\/happy-couple-on-a-yacht-in-summer-on-romantic-vaca-2021-10-29-21-52-47-utc-500x375.jpg\" class=\"attachment-woocommerce_thumbnail size-woocommerce_thumbnail wp-post-image\" alt=\"\" \/><div class=\"cart-loading\"><i class=\"awb-icon-spinner\" aria-hidden=\"true\"><\/i><\/div>\t\t\t<\/a>\n\t\t\t\t\t\t\t<\/div>\n<\/div>\n<div class=\"fusion-product-content\">\n\t<div class=\"product-details\">\n\t\t<div class=\"product-details-container\">\n<h3 class=\"product-title\">\n\t<a href=\"https:\/\/sailingtourbarcelona.com\/es\/producto\/experiencia-parejas-4-horas\/\">\n\t\tExperiencia parejas &#8211; 4 horas\t<\/a>\n<\/h3>\n<div class=\"fusion-price-rating\">\n\n\t<span class=\"price\"><span class=\"woocommerce-Price-amount amount\"><bdi>580,00<span class=\"woocommerce-Price-currencySymbol\">&euro;<\/span><\/bdi><\/span> <small class=\"duration\">4 horas<\/small><\/span>\n\t\t<\/div>\n\t<\/div>\n<\/div>\n\n\t<\/div> \n\n\n<\/div>\n<\/li>\n<li class=\"product type-product post-1637 status-publish last instock product_cat-parejas product_tag-90 has-post-thumbnail shipping-taxable purchasable product-type-appointment product-grid-view\">\n\t<div class=\"fusion-product-wrapper\">\n<div class=\"fusion-clean-product-image-wrapper \">\n\t<div  class=\"fusion-image-wrapper fusion-image-size-fixed\" aria-haspopup=\"true\">\n\t\t\t\t\t\t\t<a href=\"https:\/\/sailingtourbarcelona.com\/es\/producto\/experiencia-parejas-6-horas\/\" aria-label=\"Experiencia parejas &#8211; 6 horas\">\n\t\t\t\t\t\t\t<img decoding=\"async\" width=\"500\" height=\"375\" src=\"https:\/\/sailingtourbarcelona.com\/wp-content\/uploads\/2023\/03\/young-couple-in-love-on-sail-boat-with-champagne-f-2022-12-09-04-47-27-utc-500x375.jpg\" class=\"attachment-woocommerce_thumbnail size-woocommerce_thumbnail wp-post-image\" alt=\"\" \/><div class=\"cart-loading\"><i class=\"awb-icon-spinner\" aria-hidden=\"true\"><\/i><\/div>\t\t\t<\/a>\n\t\t\t\t\t\t\t<\/div>\n<\/div>\n<div class=\"fusion-product-content\">\n\t<div class=\"product-details\">\n\t\t<div class=\"product-details-container\">\n<h3 class=\"product-title\">\n\t<a href=\"https:\/\/sailingtourbarcelona.com\/es\/producto\/experiencia-parejas-6-horas\/\">\n\t\tExperiencia parejas &#8211; 6 horas\t<\/a>\n<\/h3>\n<div class=\"fusion-price-rating\">\n\n\t<span class=\"price\"><span class=\"woocommerce-Price-amount amount\"><bdi>790,00<span class=\"woocommerce-Price-currencySymbol\">&euro;<\/span><\/bdi><\/span> <small class=\"duration\">6 horas<\/small><\/span>\n\t\t<\/div>\n\t<\/div>\n<\/div>\n\n\t<\/div> \n\n\n<\/div>\n<\/li>\n<\/ul><div class=\"fusion-woo-product-grid-pagination fusion-clearfix\"><\/div><\/div><div class=\"fusion-text fusion-text-2\"><p>Una ruta en velero es una experiencia rom\u00e1ntica inolvidable y diferente a todo lo que hay\u00e1is hecho anteriormente. Podr\u00e9is disfrutar del mar y la Costa Mediterr\u00e1nea con la <strong>privacidad y exclusividad <\/strong>que ofrece un barco velero. Para aquellos que deseen conectar con su pareja en un entorno relajante o para aquellos que buscan la emoci\u00f3n y la aventura que nos brinda el mar.<\/p>\n<p>Tambi\u00e9n podr\u00e9is celebrar cualquier acontecimiento especial, en el que os ayudaremos a crear la atm\u00f3sfera que dese\u00e9is.\u00a0 <strong>Reserva ahora<\/strong> nuestro paquete de tour en velero para parejas y d\u00e9jate llevar por la belleza del mar y el romance a bordo.<\/p>\n<p><em>Ofrecemos aperitivos y cava tambi\u00e9n para completar la experiencia.<\/em><\/p>\n<\/div><\/div><\/div><\/div><\/div>\n","protected":false},"excerpt":{"rendered":"","protected":false},"author":1,"featured_media":0,"parent":0,"menu_order":0,"comment_status":"closed","ping_status":"closed","template":"","meta":{"footnotes":""},"_links":{"self":[{"href":"https:\/\/sailingtourbarcelona.com\/es\/wp-json\/wp\/v2\/pages\/1664"}],"collection":[{"href":"https:\/\/sailingtourbarcelona.com\/es\/wp-json\/wp\/v2\/pages"}],"about":[{"href":"https:\/\/sailingtourbarcelona.com\/es\/wp-json\/wp\/v2\/types\/page"}],"author":[{"embeddable":true,"href":"https:\/\/sailingtourbarcelona.com\/es\/wp-json\/wp\/v2\/users\/1"}],"replies":[{"embeddable":true,"href":"https:\/\/sailingtourbarcelona.com\/es\/wp-json\/wp\/v2\/comments?post=1664"}],"version-history":[{"count":0,"href":"https:\/\/sailingtourbarcelona.com\/es\/wp-json\/wp\/v2\/pages\/1664\/revisions"}],"wp:attachment":[{"href":"https:\/\/sailingtourbarcelona.com\/es\/wp-json\/wp\/v2\/media?parent=1664"}],"curies":[{"name":"wp","href":"https:\/\/api.w.org\/{rel}","templated":true}]}}