{"id":1727,"date":"2023-04-12T10:06:48","date_gmt":"2023-04-12T08:06:48","guid":{"rendered":"https:\/\/sailingtourbarcelona.com\/?page_id=1727"},"modified":"2024-02-14T11:13:55","modified_gmt":"2024-02-14T10:13:55","slug":"alquiler-barco-velero-atardecer-barcelona","status":"publish","type":"page","link":"https:\/\/sailingtourbarcelona.com\/es\/alquiler-barco-velero-atardecer-barcelona\/","title":{"rendered":"Alquiler de velero para ver la puesta de sol"},"content":{"rendered":"<div class=\"fusion-fullwidth fullwidth-box fusion-builder-row-1 fusion-flex-container has-pattern-background has-mask-background nonhundred-percent-fullwidth non-hundred-percent-height-scrolling\" style=\"--awb-border-radius-top-left:0px;--awb-border-radius-top-right:0px;--awb-border-radius-bottom-right:0px;--awb-border-radius-bottom-left:0px;--awb-flex-wrap:wrap;\" ><div class=\"fusion-builder-row fusion-row fusion-flex-align-items-flex-start fusion-flex-content-wrap\" style=\"max-width:1248px;margin-left: calc(-4% \/ 2 );margin-right: calc(-4% \/ 2 );\"><div class=\"fusion-layout-column fusion_builder_column fusion-builder-column-0 fusion_builder_column_1_1 1_1 fusion-flex-column\" style=\"--awb-bg-size:cover;--awb-width-large:100%;--awb-margin-top-large:0px;--awb-spacing-right-large:1.92%;--awb-margin-bottom-large:20px;--awb-spacing-left-large:1.92%;--awb-width-medium:100%;--awb-order-medium:0;--awb-spacing-right-medium:1.92%;--awb-spacing-left-medium:1.92%;--awb-width-small:100%;--awb-order-small:0;--awb-spacing-right-small:1.92%;--awb-spacing-left-small:1.92%;\"><div class=\"fusion-column-wrapper fusion-column-has-shadow fusion-flex-justify-content-flex-start fusion-content-layout-column\"><div class=\"fusion-title title fusion-title-1 fusion-sep-none fusion-title-center fusion-title-text fusion-title-size-one\"><h1 class=\"fusion-title-heading title-heading-center fusion-responsive-typography-calculated\" style=\"margin:0;--fontSize:54;line-height:1.16;\">Alquiler de velero para ver la puesta de sol<\/h1><\/div><div class=\"fusion-title title fusion-title-2 fusion-sep-none fusion-title-center fusion-title-text fusion-title-size-two\" style=\"--awb-text-color:var(--awb-color5);\"><h2 class=\"fusion-title-heading title-heading-center fusion-responsive-typography-calculated\" style=\"margin:0;--fontSize:32;line-height:1.2;\">Disfruta del atardecer de Barcelona en velero<\/h2><\/div><div class=\"fusion-text fusion-text-1\"><p>Si hay algo que ha cautivado a\u00f1o tras a\u00f1o a los tripulantes ha sido <strong>la puesta de sol<\/strong>. Si ya es una experiencia que fascina de por s\u00ed, imagina lo que puede ser para tus sentidos disfrutar de los impresionantes colores del cielo mientras surcas las aguas del mediterr\u00e1neo.<\/p>\n<p>En Barcelona existen colinas, parques, telef\u00e9ricos o terrazas donde poder ver el atardecer. Sin embargo, en Sailing Tour Barcelona te ofrecemos la oportunidad de vivir este espect\u00e1culo de la naturaleza de la mejor forma posible: <strong>a bordo de nuestros veleros<\/strong><\/p>\n<p style=\"text-align: center;\">\u00a1Reserva tu barco ahora y d\u00e9jate llevar por la magia de Barcelona al caer el sol!<\/p>\n<\/div><\/div><\/div><div class=\"fusion-layout-column fusion_builder_column fusion-builder-column-1 fusion_builder_column_1_1 1_1 fusion-flex-column\" style=\"--awb-bg-size:cover;--awb-width-large:100%;--awb-margin-top-large:50px;--awb-spacing-right-large:1.92%;--awb-margin-bottom-large:20px;--awb-spacing-left-large:1.92%;--awb-width-medium:100%;--awb-order-medium:0;--awb-spacing-right-medium:1.92%;--awb-spacing-left-medium:1.92%;--awb-width-small:100%;--awb-order-small:0;--awb-spacing-right-small:1.92%;--awb-spacing-left-small:1.92%;\"><div class=\"fusion-column-wrapper fusion-column-has-shadow fusion-flex-justify-content-flex-start fusion-content-layout-column\"><div class=\"fusion-woo-product-grid fusion-product-archive fusion-woo-product-grid-1\"><ul class=\"products products-4\"><li class=\"product type-product post-1654 status-publish first instock product_cat-sunset product_tag-87 has-post-thumbnail shipping-taxable purchasable product-type-appointment product-grid-view\">\n\t<div class=\"fusion-product-wrapper\">\n<div class=\"fusion-clean-product-image-wrapper \">\n\t<div  class=\"fusion-image-wrapper fusion-image-size-fixed\" aria-haspopup=\"true\">\n\t\t\t\t\t\t\t<a href=\"https:\/\/sailingtourbarcelona.com\/es\/producto\/sunset-barcelona-2-horas\/\" aria-label=\"Sunset Barcelona &#8211; 2 horas\">\n\t\t\t\t\t\t\t<img decoding=\"async\" width=\"500\" height=\"375\" src=\"https:\/\/sailingtourbarcelona.com\/wp-content\/uploads\/2023\/03\/salida-en-velero-en-Barcelona-4-500x375.jpeg\" class=\"attachment-woocommerce_thumbnail size-woocommerce_thumbnail wp-post-image\" alt=\"\" \/><div class=\"cart-loading\"><i class=\"awb-icon-spinner\" aria-hidden=\"true\"><\/i><\/div>\t\t\t<\/a>\n\t\t\t\t\t\t\t<\/div>\n<\/div>\n<div class=\"fusion-product-content\">\n\t<div class=\"product-details\">\n\t\t<div class=\"product-details-container\">\n<h3 class=\"product-title\">\n\t<a href=\"https:\/\/sailingtourbarcelona.com\/es\/producto\/sunset-barcelona-2-horas\/\">\n\t\tSunset Barcelona &#8211; 2 horas\t<\/a>\n<\/h3>\n<div class=\"fusion-price-rating\">\n\n\t<span class=\"price\"><span class=\"woocommerce-Price-amount amount\"><bdi>380,00<span class=\"woocommerce-Price-currencySymbol\">&euro;<\/span><\/bdi><\/span> <small class=\"duration\">2 horas<\/small><\/span>\n\t\t<\/div>\n\t<\/div>\n<\/div>\n\n\t<\/div> \n\n\n<\/div>\n<\/li>\n<li class=\"product type-product post-1655 status-publish instock product_cat-sunset product_tag-88 has-post-thumbnail shipping-taxable purchasable product-type-appointment product-grid-view\">\n\t<div class=\"fusion-product-wrapper\">\n<div class=\"fusion-clean-product-image-wrapper \">\n\t<div  class=\"fusion-image-wrapper fusion-image-size-fixed\" aria-haspopup=\"true\">\n\t\t\t\t\t\t\t<a href=\"https:\/\/sailingtourbarcelona.com\/es\/producto\/sunset-barcelona-3-horas\/\" aria-label=\"Sunset Barcelona &#8211; 3 horas\">\n\t\t\t\t\t\t\t<img decoding=\"async\" width=\"500\" height=\"375\" src=\"https:\/\/sailingtourbarcelona.com\/wp-content\/uploads\/2023\/04\/young-lovers-couple-on-sail-boat-with-champagne-at-2022-12-09-04-46-27-utc-500x375.jpg\" class=\"attachment-woocommerce_thumbnail size-woocommerce_thumbnail wp-post-image\" alt=\"\" \/><div class=\"cart-loading\"><i class=\"awb-icon-spinner\" aria-hidden=\"true\"><\/i><\/div>\t\t\t<\/a>\n\t\t\t\t\t\t\t<\/div>\n<\/div>\n<div class=\"fusion-product-content\">\n\t<div class=\"product-details\">\n\t\t<div class=\"product-details-container\">\n<h3 class=\"product-title\">\n\t<a href=\"https:\/\/sailingtourbarcelona.com\/es\/producto\/sunset-barcelona-3-horas\/\">\n\t\tSunset Barcelona &#8211; 3 horas\t<\/a>\n<\/h3>\n<div class=\"fusion-price-rating\">\n\n\t<span class=\"price\"><span class=\"woocommerce-Price-amount amount\"><bdi>460,00<span class=\"woocommerce-Price-currencySymbol\">&euro;<\/span><\/bdi><\/span> <small class=\"duration\">3 horas<\/small><\/span>\n\t\t<\/div>\n\t<\/div>\n<\/div>\n\n\t<\/div> \n\n\n<\/div>\n<\/li>\n<li class=\"product type-product post-1656 status-publish instock product_cat-sunset product_tag-89 has-post-thumbnail shipping-taxable purchasable product-type-appointment product-grid-view\">\n\t<div class=\"fusion-product-wrapper\">\n<div class=\"fusion-clean-product-image-wrapper \">\n\t<div  class=\"fusion-image-wrapper fusion-image-size-fixed\" aria-haspopup=\"true\">\n\t\t\t\t\t\t\t<a href=\"https:\/\/sailingtourbarcelona.com\/es\/producto\/sunset-barcelona-4-horas\/\" aria-label=\"Sunset Barcelona &#8211; 4 horas\">\n\t\t\t\t\t\t\t<img decoding=\"async\" width=\"500\" height=\"375\" src=\"https:\/\/sailingtourbarcelona.com\/wp-content\/uploads\/2023\/04\/sailboat-during-sunset-in-the-aegean-sea-2023-01-16-05-26-53-utc-500x375.jpg\" class=\"attachment-woocommerce_thumbnail size-woocommerce_thumbnail wp-post-image\" alt=\"\" srcset=\"https:\/\/sailingtourbarcelona.com\/wp-content\/uploads\/2023\/04\/sailboat-during-sunset-in-the-aegean-sea-2023-01-16-05-26-53-utc-200x150.jpg 200w, https:\/\/sailingtourbarcelona.com\/wp-content\/uploads\/2023\/04\/sailboat-during-sunset-in-the-aegean-sea-2023-01-16-05-26-53-utc-300x225.jpg 300w, https:\/\/sailingtourbarcelona.com\/wp-content\/uploads\/2023\/04\/sailboat-during-sunset-in-the-aegean-sea-2023-01-16-05-26-53-utc-400x300.jpg 400w, https:\/\/sailingtourbarcelona.com\/wp-content\/uploads\/2023\/04\/sailboat-during-sunset-in-the-aegean-sea-2023-01-16-05-26-53-utc-500x375.jpg 500w, https:\/\/sailingtourbarcelona.com\/wp-content\/uploads\/2023\/04\/sailboat-during-sunset-in-the-aegean-sea-2023-01-16-05-26-53-utc-600x450.jpg 600w, https:\/\/sailingtourbarcelona.com\/wp-content\/uploads\/2023\/04\/sailboat-during-sunset-in-the-aegean-sea-2023-01-16-05-26-53-utc-700x525.jpg 700w, https:\/\/sailingtourbarcelona.com\/wp-content\/uploads\/2023\/04\/sailboat-during-sunset-in-the-aegean-sea-2023-01-16-05-26-53-utc-768x576.jpg 768w, https:\/\/sailingtourbarcelona.com\/wp-content\/uploads\/2023\/04\/sailboat-during-sunset-in-the-aegean-sea-2023-01-16-05-26-53-utc.jpg 800w\" sizes=\"(max-width: 500px) 100vw, 500px\" \/><div class=\"cart-loading\"><i class=\"awb-icon-spinner\" aria-hidden=\"true\"><\/i><\/div>\t\t\t<\/a>\n\t\t\t\t\t\t\t<\/div>\n<\/div>\n<div class=\"fusion-product-content\">\n\t<div class=\"product-details\">\n\t\t<div class=\"product-details-container\">\n<h3 class=\"product-title\">\n\t<a href=\"https:\/\/sailingtourbarcelona.com\/es\/producto\/sunset-barcelona-4-horas\/\">\n\t\tSunset Barcelona &#8211; 4 horas\t<\/a>\n<\/h3>\n<div class=\"fusion-price-rating\">\n\n\t<span class=\"price\"><span class=\"woocommerce-Price-amount amount\"><bdi>580,00<span class=\"woocommerce-Price-currencySymbol\">&euro;<\/span><\/bdi><\/span> <small class=\"duration\">4 horas<\/small><\/span>\n\t\t<\/div>\n\t<\/div>\n<\/div>\n\n\t<\/div> \n\n\n<\/div>\n<\/li>\n<li class=\"product type-product post-1657 status-publish last instock product_cat-sunset product_tag-90 has-post-thumbnail shipping-taxable purchasable product-type-appointment product-grid-view\">\n\t<div class=\"fusion-product-wrapper\">\n<div class=\"fusion-clean-product-image-wrapper \">\n\t<div  class=\"fusion-image-wrapper fusion-image-size-fixed\" aria-haspopup=\"true\">\n\t\t\t\t\t\t\t<a href=\"https:\/\/sailingtourbarcelona.com\/es\/producto\/sunset-barcelona-6-horas\/\" aria-label=\"Sunset Barcelona &#8211; 6 horas\">\n\t\t\t\t\t\t\t<img decoding=\"async\" width=\"500\" height=\"375\" src=\"https:\/\/sailingtourbarcelona.com\/wp-content\/uploads\/2023\/04\/beach-in-barcelona-during-sunset-2022-12-17-03-42-00-utc-500x375.jpg\" class=\"attachment-woocommerce_thumbnail size-woocommerce_thumbnail wp-post-image\" alt=\"\" \/><div class=\"cart-loading\"><i class=\"awb-icon-spinner\" aria-hidden=\"true\"><\/i><\/div>\t\t\t<\/a>\n\t\t\t\t\t\t\t<\/div>\n<\/div>\n<div class=\"fusion-product-content\">\n\t<div class=\"product-details\">\n\t\t<div class=\"product-details-container\">\n<h3 class=\"product-title\">\n\t<a href=\"https:\/\/sailingtourbarcelona.com\/es\/producto\/sunset-barcelona-6-horas\/\">\n\t\tSunset Barcelona &#8211; 6 horas\t<\/a>\n<\/h3>\n<div class=\"fusion-price-rating\">\n\n\t<span class=\"price\"><span class=\"woocommerce-Price-amount amount\"><bdi>790,00<span class=\"woocommerce-Price-currencySymbol\">&euro;<\/span><\/bdi><\/span> <small class=\"duration\">6 horas<\/small><\/span>\n\t\t<\/div>\n\t<\/div>\n<\/div>\n\n\t<\/div> \n\n\n<\/div>\n<\/li>\n<\/ul><div class=\"fusion-woo-product-grid-pagination fusion-clearfix\"><\/div><\/div><div class=\"fusion-text fusion-text-2\"><p style=\"text-align: left;\">Disfruta de los impresionantes atardeceres en Barcelona desde un velero: <strong>una experiencia \u00fanica que recordar.<\/strong><\/p>\n<p style=\"text-align: center;\">Alquilar un velero privado con un patr\u00f3n profesional en Barcelona es la oportunidad perfecta de contemplar los atardeceres m\u00e1s espectaculares de la ciudad condal. El mar es un escenario majestuoso y sin obst\u00e1culos que se interpongan en tu visi\u00f3n: todo lo que te alcanzar\u00e1 la vista ser\u00e1 <strong>el mar, el cielo y el skyline de Barcelona.<\/strong><\/p>\n<p style=\"text-align: center;\">\u00a1Vive el atardecer en un velero en Barcelona y crea recuerdos imborrables para ti y tus seres queridos!<\/p>\n<\/div><\/div><\/div><\/div><\/div>\n","protected":false},"excerpt":{"rendered":"","protected":false},"author":1,"featured_media":0,"parent":0,"menu_order":0,"comment_status":"closed","ping_status":"closed","template":"","meta":{"footnotes":""},"_links":{"self":[{"href":"https:\/\/sailingtourbarcelona.com\/es\/wp-json\/wp\/v2\/pages\/1727"}],"collection":[{"href":"https:\/\/sailingtourbarcelona.com\/es\/wp-json\/wp\/v2\/pages"}],"about":[{"href":"https:\/\/sailingtourbarcelona.com\/es\/wp-json\/wp\/v2\/types\/page"}],"author":[{"embeddable":true,"href":"https:\/\/sailingtourbarcelona.com\/es\/wp-json\/wp\/v2\/users\/1"}],"replies":[{"embeddable":true,"href":"https:\/\/sailingtourbarcelona.com\/es\/wp-json\/wp\/v2\/comments?post=1727"}],"version-history":[{"count":0,"href":"https:\/\/sailingtourbarcelona.com\/es\/wp-json\/wp\/v2\/pages\/1727\/revisions"}],"wp:attachment":[{"href":"https:\/\/sailingtourbarcelona.com\/es\/wp-json\/wp\/v2\/media?parent=1727"}],"curies":[{"name":"wp","href":"https:\/\/api.w.org\/{rel}","templated":true}]}}