{"id":1730,"date":"2023-04-12T10:07:34","date_gmt":"2023-04-12T08:07:34","guid":{"rendered":"https:\/\/sailingtourbarcelona.com\/?page_id=1730"},"modified":"2024-02-14T12:20:55","modified_gmt":"2024-02-14T11:20:55","slug":"alquiler-velero-barcelona-eventos","status":"publish","type":"page","link":"https:\/\/sailingtourbarcelona.com\/es\/alquiler-velero-barcelona-eventos\/","title":{"rendered":"Experiencia Team Building y eventos"},"content":{"rendered":"<div class=\"fusion-fullwidth fullwidth-box fusion-builder-row-1 fusion-flex-container has-pattern-background has-mask-background nonhundred-percent-fullwidth non-hundred-percent-height-scrolling\" style=\"--awb-border-radius-top-left:0px;--awb-border-radius-top-right:0px;--awb-border-radius-bottom-right:0px;--awb-border-radius-bottom-left:0px;--awb-flex-wrap:wrap;\" ><div class=\"fusion-builder-row fusion-row fusion-flex-align-items-flex-start fusion-flex-content-wrap\" style=\"max-width:1248px;margin-left: calc(-4% \/ 2 );margin-right: calc(-4% \/ 2 );\"><div class=\"fusion-layout-column fusion_builder_column fusion-builder-column-0 fusion_builder_column_1_1 1_1 fusion-flex-column\" style=\"--awb-bg-size:cover;--awb-width-large:100%;--awb-margin-top-large:0px;--awb-spacing-right-large:1.92%;--awb-margin-bottom-large:20px;--awb-spacing-left-large:1.92%;--awb-width-medium:100%;--awb-order-medium:0;--awb-spacing-right-medium:1.92%;--awb-spacing-left-medium:1.92%;--awb-width-small:100%;--awb-order-small:0;--awb-spacing-right-small:1.92%;--awb-spacing-left-small:1.92%;\"><div class=\"fusion-column-wrapper fusion-column-has-shadow fusion-flex-justify-content-flex-start fusion-content-layout-column\"><div class=\"fusion-title title fusion-title-1 fusion-sep-none fusion-title-center fusion-title-text fusion-title-size-one\"><h1 class=\"fusion-title-heading title-heading-center fusion-responsive-typography-calculated\" style=\"margin:0;--fontSize:54;line-height:1.16;\">Alquiler de velero para empresas<\/h1><\/div><div class=\"fusion-title title fusion-title-2 fusion-sep-none fusion-title-center fusion-title-text fusion-title-size-two\" style=\"--awb-text-color:var(--awb-color5);\"><h2 class=\"fusion-title-heading title-heading-center fusion-responsive-typography-calculated\" style=\"margin:0;--fontSize:32;line-height:1.2;\">Team Building y eventos en Barcelona<\/h2><\/div><div class=\"fusion-text fusion-text-1\"><p style=\"text-align: left;\">Si quieres crear una experiencia inolvidable para <strong>fortalecer las relaciones entre los miembros de tu equipo,<\/strong> Sailing Tour Barcelona os ofrece una experiencia diferenciadora en alta mar. Disfruta de la espectacular belleza del Mar Mediterr\u00e1neo velero mientras realiz\u00e1is todo tipo de actividades n\u00e1uticas en vuestro evento corporativo.<\/p>\n<p>\u00a1Contacta con nosotros y convierte tu evento de empresa en un \u00e9xito rotundo con nuestra propuesta de<strong> Team Building en velero!<\/strong><\/p>\n<\/div><\/div><\/div><div class=\"fusion-layout-column fusion_builder_column fusion-builder-column-1 fusion_builder_column_1_1 1_1 fusion-flex-column\" style=\"--awb-bg-size:cover;--awb-width-large:100%;--awb-margin-top-large:50px;--awb-spacing-right-large:1.92%;--awb-margin-bottom-large:20px;--awb-spacing-left-large:1.92%;--awb-width-medium:100%;--awb-order-medium:0;--awb-spacing-right-medium:1.92%;--awb-spacing-left-medium:1.92%;--awb-width-small:100%;--awb-order-small:0;--awb-spacing-right-small:1.92%;--awb-spacing-left-small:1.92%;\"><div class=\"fusion-column-wrapper fusion-column-has-shadow fusion-flex-justify-content-flex-start fusion-content-layout-column\"><div class=\"fusion-woo-product-grid fusion-product-archive fusion-woo-product-grid-1\"><ul class=\"products products-4\"><li class=\"product type-product post-1709 status-publish first instock product_cat-team-building product_tag-87 has-post-thumbnail shipping-taxable purchasable product-type-appointment product-grid-view\">\n\t<div class=\"fusion-product-wrapper\">\n<div class=\"fusion-clean-product-image-wrapper \">\n\t<div  class=\"fusion-image-wrapper fusion-image-size-fixed\" aria-haspopup=\"true\">\n\t\t\t\t\t\t\t<a href=\"https:\/\/sailingtourbarcelona.com\/es\/producto\/team-building-y-eventos-en-barcelona-2-horas\/\" aria-label=\"Team Building y eventos en Barcelona &#8211; 2 horas\">\n\t\t\t\t\t\t\t<img decoding=\"async\" width=\"500\" height=\"375\" src=\"https:\/\/sailingtourbarcelona.com\/wp-content\/uploads\/2023\/04\/team-building-salida-en-velero-en-Barcelona-1-500x375.jpg\" class=\"attachment-woocommerce_thumbnail size-woocommerce_thumbnail wp-post-image\" alt=\"Team Building y eventos en Barcelona\" \/><div class=\"cart-loading\"><i class=\"awb-icon-spinner\" aria-hidden=\"true\"><\/i><\/div>\t\t\t<\/a>\n\t\t\t\t\t\t\t<\/div>\n<\/div>\n<div class=\"fusion-product-content\">\n\t<div class=\"product-details\">\n\t\t<div class=\"product-details-container\">\n<h3 class=\"product-title\">\n\t<a href=\"https:\/\/sailingtourbarcelona.com\/es\/producto\/team-building-y-eventos-en-barcelona-2-horas\/\">\n\t\tTeam Building y eventos en Barcelona &#8211; 2 horas\t<\/a>\n<\/h3>\n<div class=\"fusion-price-rating\">\n\n\t<span class=\"price\"><span class=\"woocommerce-Price-amount amount\"><bdi>380,00<span class=\"woocommerce-Price-currencySymbol\">&euro;<\/span><\/bdi><\/span> <small class=\"duration\">2 horas<\/small><\/span>\n\t\t<\/div>\n\t<\/div>\n<\/div>\n\n\t<\/div> \n\n\n<\/div>\n<\/li>\n<li class=\"product type-product post-1712 status-publish instock product_cat-team-building product_tag-88 has-post-thumbnail shipping-taxable purchasable product-type-appointment product-grid-view\">\n\t<div class=\"fusion-product-wrapper\">\n<div class=\"fusion-clean-product-image-wrapper \">\n\t<div  class=\"fusion-image-wrapper fusion-image-size-fixed\" aria-haspopup=\"true\">\n\t\t\t\t\t\t\t<a href=\"https:\/\/sailingtourbarcelona.com\/es\/producto\/team-building-y-eventos-en-barcelona-3-horas\/\" aria-label=\"Team Building y eventos en Barcelona &#8211; 3 horas\">\n\t\t\t\t\t\t\t<img decoding=\"async\" width=\"500\" height=\"375\" src=\"https:\/\/sailingtourbarcelona.com\/wp-content\/uploads\/2023\/04\/handsome-strong-man-sailing-with-his-friends-2021-08-26-17-33-41-utc-500x375.jpg\" class=\"attachment-woocommerce_thumbnail size-woocommerce_thumbnail wp-post-image\" alt=\"\" \/><div class=\"cart-loading\"><i class=\"awb-icon-spinner\" aria-hidden=\"true\"><\/i><\/div>\t\t\t<\/a>\n\t\t\t\t\t\t\t<\/div>\n<\/div>\n<div class=\"fusion-product-content\">\n\t<div class=\"product-details\">\n\t\t<div class=\"product-details-container\">\n<h3 class=\"product-title\">\n\t<a href=\"https:\/\/sailingtourbarcelona.com\/es\/producto\/team-building-y-eventos-en-barcelona-3-horas\/\">\n\t\tTeam Building y eventos en Barcelona &#8211; 3 horas\t<\/a>\n<\/h3>\n<div class=\"fusion-price-rating\">\n\n\t<span class=\"price\"><span class=\"woocommerce-Price-amount amount\"><bdi>460,00<span class=\"woocommerce-Price-currencySymbol\">&euro;<\/span><\/bdi><\/span> <small class=\"duration\">3 horas<\/small><\/span>\n\t\t<\/div>\n\t<\/div>\n<\/div>\n\n\t<\/div> \n\n\n<\/div>\n<\/li>\n<li class=\"product type-product post-1713 status-publish instock product_cat-team-building product_tag-89 has-post-thumbnail shipping-taxable purchasable product-type-appointment product-grid-view\">\n\t<div class=\"fusion-product-wrapper\">\n<div class=\"fusion-clean-product-image-wrapper \">\n\t<div  class=\"fusion-image-wrapper fusion-image-size-fixed\" aria-haspopup=\"true\">\n\t\t\t\t\t\t\t<a href=\"https:\/\/sailingtourbarcelona.com\/es\/producto\/team-building-y-eventos-en-barcelona-4-horas\/\" aria-label=\"Team Building y eventos en Barcelona &#8211; 4 horas\">\n\t\t\t\t\t\t\t<img decoding=\"async\" width=\"500\" height=\"375\" src=\"https:\/\/sailingtourbarcelona.com\/wp-content\/uploads\/2020\/03\/handsome-strong-men-sailing-with-their-boat-UMV2KRG-500x375.jpg\" class=\"attachment-woocommerce_thumbnail size-woocommerce_thumbnail wp-post-image\" alt=\"alquiler velero Barcelona\" \/><div class=\"cart-loading\"><i class=\"awb-icon-spinner\" aria-hidden=\"true\"><\/i><\/div>\t\t\t<\/a>\n\t\t\t\t\t\t\t<\/div>\n<\/div>\n<div class=\"fusion-product-content\">\n\t<div class=\"product-details\">\n\t\t<div class=\"product-details-container\">\n<h3 class=\"product-title\">\n\t<a href=\"https:\/\/sailingtourbarcelona.com\/es\/producto\/team-building-y-eventos-en-barcelona-4-horas\/\">\n\t\tTeam Building y eventos en Barcelona &#8211; 4 horas\t<\/a>\n<\/h3>\n<div class=\"fusion-price-rating\">\n\n\t<span class=\"price\"><span class=\"woocommerce-Price-amount amount\"><bdi>580,00<span class=\"woocommerce-Price-currencySymbol\">&euro;<\/span><\/bdi><\/span> <small class=\"duration\">4 horas<\/small><\/span>\n\t\t<\/div>\n\t<\/div>\n<\/div>\n\n\t<\/div> \n\n\n<\/div>\n<\/li>\n<li class=\"product type-product post-1715 status-publish last instock product_cat-team-building product_tag-90 has-post-thumbnail shipping-taxable purchasable product-type-appointment product-grid-view\">\n\t<div class=\"fusion-product-wrapper\">\n<div class=\"fusion-clean-product-image-wrapper \">\n\t<div  class=\"fusion-image-wrapper fusion-image-size-fixed\" aria-haspopup=\"true\">\n\t\t\t\t\t\t\t<a href=\"https:\/\/sailingtourbarcelona.com\/es\/producto\/team-building-y-eventos-en-barcelona-6-horas\/\" aria-label=\"Team Building y eventos en Barcelona &#8211; 6 horas\">\n\t\t\t\t\t\t\t<img decoding=\"async\" width=\"500\" height=\"375\" src=\"https:\/\/sailingtourbarcelona.com\/wp-content\/uploads\/2023\/04\/sujete-vela-o-cuerda-yate-500x375.jpg\" class=\"attachment-woocommerce_thumbnail size-woocommerce_thumbnail wp-post-image\" alt=\"\" \/><div class=\"cart-loading\"><i class=\"awb-icon-spinner\" aria-hidden=\"true\"><\/i><\/div>\t\t\t<\/a>\n\t\t\t\t\t\t\t<\/div>\n<\/div>\n<div class=\"fusion-product-content\">\n\t<div class=\"product-details\">\n\t\t<div class=\"product-details-container\">\n<h3 class=\"product-title\">\n\t<a href=\"https:\/\/sailingtourbarcelona.com\/es\/producto\/team-building-y-eventos-en-barcelona-6-horas\/\">\n\t\tTeam Building y eventos en Barcelona &#8211; 6 horas\t<\/a>\n<\/h3>\n<div class=\"fusion-price-rating\">\n\n\t<span class=\"price\"><span class=\"woocommerce-Price-amount amount\"><bdi>790,00<span class=\"woocommerce-Price-currencySymbol\">&euro;<\/span><\/bdi><\/span> <small class=\"duration\">6 horas<\/small><\/span>\n\t\t<\/div>\n\t<\/div>\n<\/div>\n\n\t<\/div> \n\n\n<\/div>\n<\/li>\n<\/ul><div class=\"fusion-woo-product-grid-pagination fusion-clearfix\"><\/div><\/div><div class=\"fusion-text fusion-text-2\"><p>Alquilar un velero en Barcelona puede ser una excelente idea para <strong>tus eventos corporativos y de teambuilding<\/strong>. Se trata de ofrecer al equipo una experiencia totalmente diferente a la t\u00f3nica general de los eventos de empresa.<\/p>\n<p style=\"text-align: center;\">Adaptaremos las actividades a las necesidades y caracter\u00edsticas de tu equipo de trabajo. Tambi\u00e9n contamos con embarcaciones de diferentes esloras \u00a0y un patr\u00f3n profesional que os acompa\u00f1ar\u00e1 y asistir\u00e1 en todo momento. Todos los aspectos y detalles de tu actividad estar\u00e1n cubiertos para lograr que sea un \u00e9xito.<\/p>\n<p style=\"text-align: center;\"><em><strong>\u00a1No lo pienses m\u00e1s y atr\u00e9vete a vivir esta emocionante aventura en el mar!<\/strong><\/em><\/p>\n<\/div><\/div><\/div><\/div><\/div>\n","protected":false},"excerpt":{"rendered":"","protected":false},"author":1,"featured_media":0,"parent":0,"menu_order":0,"comment_status":"closed","ping_status":"closed","template":"","meta":{"footnotes":""},"_links":{"self":[{"href":"https:\/\/sailingtourbarcelona.com\/es\/wp-json\/wp\/v2\/pages\/1730"}],"collection":[{"href":"https:\/\/sailingtourbarcelona.com\/es\/wp-json\/wp\/v2\/pages"}],"about":[{"href":"https:\/\/sailingtourbarcelona.com\/es\/wp-json\/wp\/v2\/types\/page"}],"author":[{"embeddable":true,"href":"https:\/\/sailingtourbarcelona.com\/es\/wp-json\/wp\/v2\/users\/1"}],"replies":[{"embeddable":true,"href":"https:\/\/sailingtourbarcelona.com\/es\/wp-json\/wp\/v2\/comments?post=1730"}],"version-history":[{"count":0,"href":"https:\/\/sailingtourbarcelona.com\/es\/wp-json\/wp\/v2\/pages\/1730\/revisions"}],"wp:attachment":[{"href":"https:\/\/sailingtourbarcelona.com\/es\/wp-json\/wp\/v2\/media?parent=1730"}],"curies":[{"name":"wp","href":"https:\/\/api.w.org\/{rel}","templated":true}]}}