{"id":541,"date":"2020-05-19T09:25:56","date_gmt":"2020-05-19T07:25:56","guid":{"rendered":"https:\/\/sailingtourbarcelona.com\/?page_id=541"},"modified":"2024-02-14T12:32:26","modified_gmt":"2024-02-14T11:32:26","slug":"aviso-legal","status":"publish","type":"page","link":"https:\/\/sailingtourbarcelona.com\/es\/aviso-legal\/","title":{"rendered":"Aviso Legal"},"content":{"rendered":"<div class=\"fusion-fullwidth fullwidth-box fusion-builder-row-1 fusion-flex-container nonhundred-percent-fullwidth non-hundred-percent-height-scrolling\" style=\"--awb-border-radius-top-left:0px;--awb-border-radius-top-right:0px;--awb-border-radius-bottom-right:0px;--awb-border-radius-bottom-left:0px;--awb-flex-wrap:wrap;\" ><div class=\"fusion-builder-row fusion-row fusion-flex-align-items-flex-start fusion-flex-content-wrap\" style=\"max-width:1248px;margin-left: calc(-4% \/ 2 );margin-right: calc(-4% \/ 2 );\"><div class=\"fusion-layout-column fusion_builder_column fusion-builder-column-0 fusion_builder_column_1_1 1_1 fusion-flex-column\" style=\"--awb-bg-size:cover;--awb-width-large:100%;--awb-margin-top-large:0px;--awb-spacing-right-large:1.92%;--awb-margin-bottom-large:0px;--awb-spacing-left-large:1.92%;--awb-width-medium:100%;--awb-spacing-right-medium:1.92%;--awb-spacing-left-medium:1.92%;--awb-width-small:100%;--awb-spacing-right-small:1.92%;--awb-spacing-left-small:1.92%;\"><div class=\"fusion-column-wrapper fusion-flex-justify-content-flex-start fusion-content-layout-column\"><div class=\"fusion-text fusion-text-1\"><h1>AVISO LEGAL<\/h1>\n<p><span style=\"color: #000000;\"><b>T\u00c9RMINOS DE USO<\/b><\/span><\/p>\n<p>En cumplimiento con el deber de informaci\u00f3n recogido en art\u00edculo 10 de la Ley 34\/2002, de 11 de julio, de Servicios de la Sociedad de la Informaci\u00f3n y del Comercio Electr\u00f3nico, a continuaci\u00f3n se reflejan los siguientes datos:<\/p>\n<p><span style=\"color: #000000;\"><b>Datos identificativos<\/b><\/span><\/p>\n<p>El titular del sitio web www.sailingtourbarcelona.com, en adelante Sitio Web, es Fernando Navarro S\u00e1nchez, con DNI 53.084.187-A y domicilio a estos efectos en Cam\u00ed de l\u2019Esgl\u00e8sia Antiga, 4 de Sant Andreu de Llavaneres (08392\u00a0 \u2013 Barcelona), con correo electr\u00f3nico de contacto info@lawebpro.es\u00a0y tel\u00e9fono 627781541.<\/p>\n<p><span style=\"color: #000000;\"><b>Condiciones de Uso<\/b><\/span><\/p>\n<p>El acceso al Sitio Web es libre y gratuito siempre que el usuario acepte los presentes T\u00e9rminos de Uso y dem\u00e1s informaci\u00f3n legal contenida en el presente Sitio Web, tales como la Pol\u00edtica de Privacidad, Pol\u00edtica de Cookies y, en su caso, las Condiciones de Contrataci\u00f3n.<\/p>\n<p>Si el usuario se suscribe a cualquier servicio del Sitio Web lo har\u00e1 aceptando igualmente las condiciones legales establecidas en el p\u00e1rrafo anterior.<\/p>\n<p>Al registrarse en el portal www.sailingtourbarcelona.com, el usuario escoger\u00e1 un nombre de usuario y contrase\u00f1a, que posteriormente le ser\u00e1n confirmados por e-mail. El usuario deber\u00e1 custodiar debidamente las claves y contrase\u00f1as facilitadas para su acceso como usuario registrado, dado que son de car\u00e1cter personal y confidencial, siendo el usuario responsable de su uso por una tercera persona a la que dicho usuario se las haya facilitado.<\/p>\n<p><span style=\"color: #000000;\"><b>Veracidad de los datos<\/b><\/span><\/p>\n<p>El usuario es el responsable de facilitar sus datos correctamente en los procesos de contrataci\u00f3n establecidos en el Sitio Web, manifestando que los mismos son veraces y ciertos y comprometi\u00e9ndose a notificar cualquier cambio o modificaci\u00f3n que se produzca en los mismos.<\/p>\n<p><span style=\"color: #000000;\"><b>Modificaci\u00f3n del servicio<\/b><\/span><\/p>\n<p>El Sitio Web se reserva la facultad de efectuar, en cualquier momento y sin necesidad de previo aviso, modificaciones y actualizaciones de la informaci\u00f3n contenida en la web, de la configuraci\u00f3n, disponibilidad y presentaci\u00f3n de \u00e9sta.<b>\u00a0<\/b><\/p>\n<p><span style=\"color: #000000;\"><b>Enlaces<\/b><\/span><\/p>\n<p>En el caso de que en el Sitio Web se dispusiesen enlaces o hiperv\u00ednculos hacia otros sitios de Internet, www.sailingtourbarcelona.com no ejercer\u00e1 ning\u00fan tipo de control sobre dichos sitios y contenidos. En ning\u00fan caso www.sailingtourbarcelona.com asumir\u00e1 responsabilidad alguna por los contenidos de alg\u00fan enlace perteneciente a un sitio web ajeno.<\/p>\n<p><span style=\"color: #000000;\"><b>Normas generales de uso<\/b><\/span><\/p>\n<p>El Usuario se obliga a utilizar este Sitio Web de forma diligente, correcta y respetuosa, en especial cuando publique opiniones y\/o comentarios.<\/p>\n<p>Asimismo, se obliga a t\u00edtulo meramente enunciativo a no realizar comentarios o acciones:<\/p>\n<p>Difamatorios, inexactos, falsos, abusivos, injuriosos, obscenos, irreverentes, ofensivos, insultantes, t\u00e1cita o expresamente sexuales, amenazantes, acosadores, racistas, sexistas, discriminatorios por cualquier motivo, que atenten contra la moral, el orden p\u00fablico, los derechos fundamentales, las libertas p\u00fablicas, el honor, la intimidad o la imagen de terceros y en general la normativa vigente, y\/o ilegales o infractores de derechos de terceros (por ejemplo, p.e., derechos de propiedad industrial e intelectual; derechos de privacidad o publicidad).<\/p>\n<p>Transmisores de correo basura, \u201cSPAM\u201d, mensajes con fines comerciales, \u201ccartas en cadena\u201d o mailings masivos no solicitados, falsos, enga\u00f1osos o promuevan actividades ilegales o conducta grosera, amenazante, obscena, difamatoria o injuriosa.<\/p>\n<p>Que suministren informaci\u00f3n pr\u00e1ctica sobre actividades ilegales.<\/p>\n<p>Que conlleven cualquier actividad comercial, publicidad o ventas, incluso aunque no haya contraprestaci\u00f3n monetaria.<\/p>\n<p>Que contengan datos de car\u00e1cter personal sobre terceras personas que requieran el consentimiento del propietario o titular de los derechos.<\/p>\n<p>El Usuario responder\u00e1 frente al Sitio Web o frente a cualquier tercero, de cualesquiera da\u00f1os y perjuicios que pudieran causarse como consecuencia del incumplimiento de dicha obligaci\u00f3n. El Sitio Web no interviene los contenidos de los Usuarios.<\/p>\n<p><span style=\"color: #000000;\"><b>Propiedad intelectual<\/b><\/span><\/p>\n<p>Mediante estas condiciones legales no se cede ning\u00fan derecho de propiedad intelectual o industrial sobre este Sitio Web y sus contenidos (fotograf\u00edas, v\u00eddeos, creaciones, textos, etc), quedando expresamente prohibido al usuario la reproducci\u00f3n, transformaci\u00f3n, distribuci\u00f3n, comunicaci\u00f3n p\u00fablica, puesta a disposici\u00f3n, extracci\u00f3n, reutilizaci\u00f3n, reenv\u00edo o la utilizaci\u00f3n de cualquier naturaleza, por cualquier medio o procedimiento, de cualquiera de ellos, salvo en los casos en que est\u00e9 legalmente permitido o sea autorizado por el titular de los correspondientes derechos.<\/p>\n<p><span style=\"color: #000000;\"><b>Obligaciones de Sitio Web<\/b><\/span><\/p>\n<p>Sitio Web es responsable de los servicios que presta por \u00e9l mismo y de los contenidos directamente originados por el propio Sitio Web e identificados con su correspondiente copyright.<\/p>\n<p>Sitio Web adoptar\u00e1 las medidas necesarias que permitan garantizar la seguridad y privacidad en las comunicaciones.<\/p>\n<p>Sitio Web se reserva el derecho a suspender temporalmente la prestaci\u00f3n del servicio sin previo aviso al Usuario, siempre y cuando sea necesario para efectuar operaciones de mantenimiento, actualizaci\u00f3n o mejora del servicio.<\/p>\n<p>Sitio Web no puede asegurar la disponibilidad y continuidad permanente del servicio web debido a interrupciones, fallos etc.<\/p>\n<p><span style=\"color: #000000;\"><b>Limitaci\u00f3n de Responsabilidad<\/b><\/span><\/p>\n<p>El Sitio Web no se hace responsable, en ning\u00fan caso, de los da\u00f1os y perjuicios de cualquier naturaleza que pudieran ocasionar, tales como errores u omisiones en los contenidos, falta de disponibilidad del portal o la transmisi\u00f3n de virus o programas maliciosos o lesivos en los contenidos, todo ello a t\u00edtulo enunciativo, a pesar de haber adoptado todas las medidas tecnol\u00f3gicas necesarias para evitarlo.<\/p>\n<\/div><\/div><\/div><\/div><\/div>\n","protected":false},"excerpt":{"rendered":"","protected":false},"author":1,"featured_media":0,"parent":0,"menu_order":0,"comment_status":"closed","ping_status":"closed","template":"","meta":{"footnotes":""},"_links":{"self":[{"href":"https:\/\/sailingtourbarcelona.com\/es\/wp-json\/wp\/v2\/pages\/541"}],"collection":[{"href":"https:\/\/sailingtourbarcelona.com\/es\/wp-json\/wp\/v2\/pages"}],"about":[{"href":"https:\/\/sailingtourbarcelona.com\/es\/wp-json\/wp\/v2\/types\/page"}],"author":[{"embeddable":true,"href":"https:\/\/sailingtourbarcelona.com\/es\/wp-json\/wp\/v2\/users\/1"}],"replies":[{"embeddable":true,"href":"https:\/\/sailingtourbarcelona.com\/es\/wp-json\/wp\/v2\/comments?post=541"}],"version-history":[{"count":0,"href":"https:\/\/sailingtourbarcelona.com\/es\/wp-json\/wp\/v2\/pages\/541\/revisions"}],"wp:attachment":[{"href":"https:\/\/sailingtourbarcelona.com\/es\/wp-json\/wp\/v2\/media?parent=541"}],"curies":[{"name":"wp","href":"https:\/\/api.w.org\/{rel}","templated":true}]}}