{"id":1635,"date":"2023-03-30T13:01:21","date_gmt":"2023-03-30T11:01:21","guid":{"rendered":"https:\/\/sailingtourbarcelona.com\/?post_type=product&#038;p=1635"},"modified":"2025-06-11T11:08:48","modified_gmt":"2025-06-11T09:08:48","slug":"experiencia-parejas-4-horas","status":"publish","type":"product","link":"https:\/\/sailingtourbarcelona.com\/es\/producto\/experiencia-parejas-4-horas\/","title":{"rendered":"Experiencia parejas &#8211; 4 horas"},"content":{"rendered":"<p><div class=\"fusion-fullwidth fullwidth-box fusion-builder-row-1 fusion-flex-container has-pattern-background has-mask-background nonhundred-percent-fullwidth non-hundred-percent-height-scrolling\" style=\"--awb-border-radius-top-left:0px;--awb-border-radius-top-right:0px;--awb-border-radius-bottom-right:0px;--awb-border-radius-bottom-left:0px;--awb-padding-top:50px;--awb-padding-right:30px;--awb-padding-bottom:50px;--awb-padding-left:30px;--awb-margin-top:50px;--awb-margin-bottom:50px;--awb-background-color:var(--awb-color3);--awb-flex-wrap:wrap;\" ><div class=\"fusion-builder-row fusion-row fusion-flex-align-items-flex-start fusion-flex-content-wrap\" style=\"max-width:1248px;margin-left: calc(-4% \/ 2 );margin-right: calc(-4% \/ 2 );\"><div class=\"fusion-layout-column fusion_builder_column fusion-builder-column-0 fusion_builder_column_1_1 1_1 fusion-flex-column\" style=\"--awb-bg-size:cover;--awb-width-large:100%;--awb-margin-top-large:0px;--awb-spacing-right-large:1.92%;--awb-margin-bottom-large:0px;--awb-spacing-left-large:1.92%;--awb-width-medium:100%;--awb-spacing-right-medium:1.92%;--awb-spacing-left-medium:1.92%;--awb-width-small:100%;--awb-spacing-right-small:1.92%;--awb-spacing-left-small:1.92%;\"><div class=\"fusion-column-wrapper fusion-flex-justify-content-flex-start fusion-content-layout-column\"><div class=\"fusion-text fusion-text-1\"><h2>Te cuento el plan:<\/h2>\n<p>Nuestro plan incluye un alquiler de velero para parejas, en el que podr\u00e9is disfrutar de un <b>rom\u00e1ntico paseo por el mar<\/b> y siempre que os apetezca con la opci\u00f3n de hacer una parada y daros un chapuz\u00f3n en alta mar. Adem\u00e1s, tendr\u00e9is una botella de cava para brindar y un delicioso picoteo para disfrutar juntos en el barco.<\/p>\n<p>Si deseas hacer de esta experiencia algo a\u00fan m\u00e1s especial, nuestro equipo puede ayudarte a planificar una sorpresa para tu pareja, como una decoraci\u00f3n especial o incluso una <b>pedida de mano en el mar<\/b>. Nos encargaremos de que todo est\u00e9 perfectamente organizado para que puedas relajarte y disfrutar.<\/p>\n<p>La <b>pedida de mano<\/b> es un momento cargado de nerviosismo y emociones que recordar\u00e9is para siempre. Si quieres hacer algo diferente y memorable, <b>una pedida de mano en un velero es una excelente opci\u00f3n.<\/b><\/p>\n<p>No importa cu\u00e1l sea la ocasi\u00f3n especial que quieras celebrar, lo importante es hacer que ese <b>momento<\/b> sea <b>\u00fanico<\/b>. Crea un ambiente m\u00e1gico, prepara la sorpresa y d\u00e9jate llevar.<\/p>\n<p>Haremos que esta experiencia sea de 10.<\/p>\n<\/div><\/div><\/div><\/div><\/div><div class=\"fusion-fullwidth fullwidth-box fusion-builder-row-2 fusion-flex-container nonhundred-percent-fullwidth non-hundred-percent-height-scrolling\" style=\"--awb-border-radius-top-left:0px;--awb-border-radius-top-right:0px;--awb-border-radius-bottom-right:0px;--awb-border-radius-bottom-left:0px;--awb-flex-wrap:wrap;\" ><div class=\"fusion-builder-row fusion-row fusion-flex-align-items-flex-start fusion-flex-content-wrap\" style=\"max-width:1248px;margin-left: calc(-4% \/ 2 );margin-right: calc(-4% \/ 2 );\"><div class=\"fusion-layout-column fusion_builder_column fusion-builder-column-1 fusion_builder_column_1_3 1_3 fusion-flex-column\" style=\"--awb-bg-size:cover;--awb-width-large:33.333333333333%;--awb-margin-top-large:0px;--awb-spacing-right-large:5.76%;--awb-margin-bottom-large:40px;--awb-spacing-left-large:5.76%;--awb-width-medium:100%;--awb-order-medium:0;--awb-spacing-right-medium:1.92%;--awb-spacing-left-medium:1.92%;--awb-width-small:100%;--awb-order-small:0;--awb-spacing-right-small:1.92%;--awb-spacing-left-small:1.92%;\"><div class=\"fusion-column-wrapper fusion-column-has-shadow fusion-flex-justify-content-flex-start fusion-content-layout-column\"><div class=\"fusion-text fusion-text-2\"><h2>\u00bfC\u00f3mo es el velero?<\/h2>\n<p>Nuestro <b>velero privado<\/b> tiene una <b>capacidad para 11 personas<\/b>, por lo que es muy amplio y estar\u00e9is muy c\u00f3modo<\/p>\n<p><b>El velero tiene nevera<\/b> y dispone de <b>lavabo a bordo.<\/b><\/p>\n<\/div><\/div><\/div><div class=\"fusion-layout-column fusion_builder_column fusion-builder-column-2 fusion_builder_column_1_3 1_3 fusion-flex-column\" style=\"--awb-bg-size:cover;--awb-width-large:33.333333333333%;--awb-margin-top-large:0px;--awb-spacing-right-large:5.76%;--awb-margin-bottom-large:40px;--awb-spacing-left-large:5.76%;--awb-width-medium:100%;--awb-order-medium:0;--awb-spacing-right-medium:1.92%;--awb-spacing-left-medium:1.92%;--awb-width-small:100%;--awb-order-small:0;--awb-spacing-right-small:1.92%;--awb-spacing-left-small:1.92%;\"><div class=\"fusion-column-wrapper fusion-column-has-shadow fusion-flex-justify-content-flex-start fusion-content-layout-column\"><div class=\"fusion-text fusion-text-3\"><h2><b>\u00bfQu\u00e9 tengo que traer?<\/b><\/h2>\n<ol>\n<li aria-level=\"1\">Ropa c\u00f3moda.<\/li>\n<li aria-level=\"1\">Protecci\u00f3n solar.<\/li>\n<li aria-level=\"1\">Ropa de ba\u00f1o (en \u00e9poca estival).<\/li>\n<li aria-level=\"1\">Muchas ganas de vivir una experiencia fant\u00e1stica.<\/li>\n<\/ol>\n<\/div><\/div><\/div><div class=\"fusion-layout-column fusion_builder_column fusion-builder-column-3 fusion_builder_column_1_3 1_3 fusion-flex-column\" style=\"--awb-bg-size:cover;--awb-width-large:33.333333333333%;--awb-margin-top-large:0px;--awb-spacing-right-large:5.76%;--awb-margin-bottom-large:40px;--awb-spacing-left-large:5.76%;--awb-width-medium:100%;--awb-order-medium:0;--awb-spacing-right-medium:1.92%;--awb-spacing-left-medium:1.92%;--awb-width-small:100%;--awb-order-small:0;--awb-spacing-right-small:1.92%;--awb-spacing-left-small:1.92%;\"><div class=\"fusion-column-wrapper fusion-column-has-shadow fusion-flex-justify-content-flex-start fusion-content-layout-column\"><div class=\"fusion-text fusion-text-4\"><h2><b>\u00bfY en caso de mal tiempo?<\/b><\/h2>\n<p>Si el patr\u00f3n decide que las condiciones no son aptas para salir a navegar<b>\u00a0<\/b>(lluvia o mala mar) podemos <b>aplazar la salida<\/b> a otro d\u00eda <b>o<\/b> te <b>devolveremos la totalidad del importe<\/b>.<\/p>\n<\/div><\/div><\/div><\/div><\/div><\/p>\n","protected":false},"excerpt":{"rendered":"<p>\u00bfBuscas una <b>idea rom\u00e1ntica para celebrar una ocasi\u00f3n especia<\/b>l o simplemente sorprender a tu <b>pareja<\/b>? \u00a1Qu\u00e9 tal una salida en barco para dos!<\/p>\n<p>Ya sea en un <b>aniversario<\/b>, en un <b>cumplea\u00f1os<\/b> o simplemente en un d\u00eda cualquiera, podemos hacer que ese momento sea inolvidable con una experiencia como esta.<\/p>\n","protected":false},"featured_media":1748,"comment_status":"open","ping_status":"closed","template":"","meta":[],"product_cat":[79],"product_tag":[89],"_links":{"self":[{"href":"https:\/\/sailingtourbarcelona.com\/es\/wp-json\/wp\/v2\/product\/1635"}],"collection":[{"href":"https:\/\/sailingtourbarcelona.com\/es\/wp-json\/wp\/v2\/product"}],"about":[{"href":"https:\/\/sailingtourbarcelona.com\/es\/wp-json\/wp\/v2\/types\/product"}],"replies":[{"embeddable":true,"href":"https:\/\/sailingtourbarcelona.com\/es\/wp-json\/wp\/v2\/comments?post=1635"}],"wp:featuredmedia":[{"embeddable":true,"href":"https:\/\/sailingtourbarcelona.com\/es\/wp-json\/wp\/v2\/media\/1748"}],"wp:attachment":[{"href":"https:\/\/sailingtourbarcelona.com\/es\/wp-json\/wp\/v2\/media?parent=1635"}],"wp:term":[{"taxonomy":"product_cat","embeddable":true,"href":"https:\/\/sailingtourbarcelona.com\/es\/wp-json\/wp\/v2\/product_cat?post=1635"},{"taxonomy":"product_tag","embeddable":true,"href":"https:\/\/sailingtourbarcelona.com\/es\/wp-json\/wp\/v2\/product_tag?post=1635"}],"curies":[{"name":"wp","href":"https:\/\/api.w.org\/{rel}","templated":true}]}}