{"id":1642,"date":"2023-04-04T10:06:26","date_gmt":"2023-04-04T08:06:26","guid":{"rendered":"https:\/\/sailingtourbarcelona.com\/?post_type=product&#038;p=1642"},"modified":"2025-06-11T11:06:58","modified_gmt":"2025-06-11T09:06:58","slug":"fiestas-a-bordo-2-horas","status":"publish","type":"product","link":"https:\/\/sailingtourbarcelona.com\/es\/producto\/fiestas-a-bordo-2-horas\/","title":{"rendered":"Fiestas a bordo  &#8211; 2 horas"},"content":{"rendered":"<p><div class=\"fusion-fullwidth fullwidth-box fusion-builder-row-1 fusion-flex-container has-pattern-background has-mask-background nonhundred-percent-fullwidth non-hundred-percent-height-scrolling\" style=\"--awb-border-radius-top-left:0px;--awb-border-radius-top-right:0px;--awb-border-radius-bottom-right:0px;--awb-border-radius-bottom-left:0px;--awb-padding-top:50px;--awb-padding-right:30px;--awb-padding-bottom:50px;--awb-padding-left:30px;--awb-margin-top:50px;--awb-margin-bottom:50px;--awb-background-color:var(--awb-color3);--awb-flex-wrap:wrap;\" ><div class=\"fusion-builder-row fusion-row fusion-flex-align-items-flex-start fusion-flex-content-wrap\" style=\"max-width:1248px;margin-left: calc(-4% \/ 2 );margin-right: calc(-4% \/ 2 );\"><div class=\"fusion-layout-column fusion_builder_column fusion-builder-column-0 fusion_builder_column_1_1 1_1 fusion-flex-column\" style=\"--awb-bg-size:cover;--awb-width-large:100%;--awb-margin-top-large:0px;--awb-spacing-right-large:1.92%;--awb-margin-bottom-large:0px;--awb-spacing-left-large:1.92%;--awb-width-medium:100%;--awb-spacing-right-medium:1.92%;--awb-spacing-left-medium:1.92%;--awb-width-small:100%;--awb-spacing-right-small:1.92%;--awb-spacing-left-small:1.92%;\"><div class=\"fusion-column-wrapper fusion-flex-justify-content-flex-start fusion-content-layout-column\"><div class=\"fusion-text fusion-text-1\"><h2>Te cuento el plan:<\/h2>\n<p>Nuestro plan comienza en el Port Ol\u00edmpic de Barcelona donde te recibiremos y te acompa\u00f1aremos a bordo de nuestro barco privado. Una vez all\u00ed, vuestro capit\u00e1n os explicar\u00e1 todo lo necesario que deb\u00e9is saber para disfrutar al m\u00e1ximo de la experiencia de forma segura.<\/p>\n<p>Durante la salida, navegaremos con unas vistas impresionantes de la ciudad desde el mar, podr\u00e9is <strong>tomar el sol<\/strong> y relajaros bebiendo algo en la cubierta del barco. Si hace calor, \u00a1no dud\u00e9is en daros un <strong>chapuz\u00f3n en el mar<\/strong>!<\/p>\n<p>La idea es alejarnos un poco de la costa para disfrutar de una experiencia incre\u00edble pasando un rato inolvidable y divertido entre amigos y familia.<\/p>\n<p>Pod\u00e9is traer <strong>vuestra propia m\u00fasica<\/strong> para ambientar la fiesta ya que tenemos altavoces con <strong>Bluetooth<\/strong>.<\/p>\n<p>Recordad que ten\u00e9is <strong>incluida<\/strong> en la salida una <strong>bebida<\/strong> de bienvenida por persona y <strong>picapica<\/strong>.<\/p>\n<p>Si necesitas que preparemos\u00a0<strong>algo especial<\/strong>\u00a0en el barco (flores, globos, botella de Cava, etc\u2026) <strong>contacta<\/strong>\u00a0con nosotros y haremos todo lo posible para que est\u00e9 a punto ese d\u00eda.<\/p>\n<\/div><\/div><\/div><\/div><\/div><div class=\"fusion-fullwidth fullwidth-box fusion-builder-row-2 fusion-flex-container nonhundred-percent-fullwidth non-hundred-percent-height-scrolling\" style=\"--awb-border-radius-top-left:0px;--awb-border-radius-top-right:0px;--awb-border-radius-bottom-right:0px;--awb-border-radius-bottom-left:0px;--awb-flex-wrap:wrap;\" ><div class=\"fusion-builder-row fusion-row fusion-flex-align-items-flex-start fusion-flex-content-wrap\" style=\"max-width:1248px;margin-left: calc(-4% \/ 2 );margin-right: calc(-4% \/ 2 );\"><div class=\"fusion-layout-column fusion_builder_column fusion-builder-column-1 fusion_builder_column_1_3 1_3 fusion-flex-column\" style=\"--awb-bg-size:cover;--awb-width-large:33.333333333333%;--awb-margin-top-large:0px;--awb-spacing-right-large:5.76%;--awb-margin-bottom-large:40px;--awb-spacing-left-large:5.76%;--awb-width-medium:100%;--awb-order-medium:0;--awb-spacing-right-medium:1.92%;--awb-spacing-left-medium:1.92%;--awb-width-small:100%;--awb-order-small:0;--awb-spacing-right-small:1.92%;--awb-spacing-left-small:1.92%;\"><div class=\"fusion-column-wrapper fusion-column-has-shadow fusion-flex-justify-content-flex-start fusion-content-layout-column\"><div class=\"fusion-text fusion-text-2\"><h2>\u00bfC\u00f3mo es el velero?<\/h2>\n<p>Nuestro <strong>velero privado<\/strong> tiene una <strong>capacidad para 11 personas<\/strong>, por lo que podr\u00e1s celebrar con tus amigos de manera \u00edntima y exclusiva.<\/p>\n<p>\u00a1Aprovecha, alquilar barco Barcelona para tantas personas en el centro de la ciudad no es f\u00e1cil!<\/p>\n<p><strong>El velero tiene nevera<\/strong>. Para disfrutar al m\u00e1ximo de vuestra fiesta, el barco est\u00e1 equipado con nevera para que pod\u00e1is llevar vuestras bebidas fr\u00edas.<\/p>\n<p>Si no quer\u00e9is traer nada, en el barco se pueden comprar bebidas.<\/p>\n<p><strong>Tenemos lavabo a bordo.<\/strong><\/p>\n<\/div><\/div><\/div><div class=\"fusion-layout-column fusion_builder_column fusion-builder-column-2 fusion_builder_column_1_3 1_3 fusion-flex-column\" style=\"--awb-bg-size:cover;--awb-width-large:33.333333333333%;--awb-margin-top-large:0px;--awb-spacing-right-large:5.76%;--awb-margin-bottom-large:40px;--awb-spacing-left-large:5.76%;--awb-width-medium:100%;--awb-order-medium:0;--awb-spacing-right-medium:1.92%;--awb-spacing-left-medium:1.92%;--awb-width-small:100%;--awb-order-small:0;--awb-spacing-right-small:1.92%;--awb-spacing-left-small:1.92%;\"><div class=\"fusion-column-wrapper fusion-column-has-shadow fusion-flex-justify-content-flex-start fusion-content-layout-column\"><div class=\"fusion-text fusion-text-3\"><h2><b>\u00bfQu\u00e9 tengo que traer?<\/b><\/h2>\n<ol>\n<li aria-level=\"1\">Ropa c\u00f3moda.<\/li>\n<li aria-level=\"1\">Protecci\u00f3n solar.<\/li>\n<li aria-level=\"1\">Ropa de ba\u00f1o (en \u00e9poca estival).<\/li>\n<li aria-level=\"1\">Muchas ganas de vivir una experiencia fant\u00e1stica.<\/li>\n<\/ol>\n<\/div><\/div><\/div><div class=\"fusion-layout-column fusion_builder_column fusion-builder-column-3 fusion_builder_column_1_3 1_3 fusion-flex-column\" style=\"--awb-bg-size:cover;--awb-width-large:33.333333333333%;--awb-margin-top-large:0px;--awb-spacing-right-large:5.76%;--awb-margin-bottom-large:40px;--awb-spacing-left-large:5.76%;--awb-width-medium:100%;--awb-order-medium:0;--awb-spacing-right-medium:1.92%;--awb-spacing-left-medium:1.92%;--awb-width-small:100%;--awb-order-small:0;--awb-spacing-right-small:1.92%;--awb-spacing-left-small:1.92%;\"><div class=\"fusion-column-wrapper fusion-column-has-shadow fusion-flex-justify-content-flex-start fusion-content-layout-column\"><div class=\"fusion-text fusion-text-4\"><h2><b>\u00bfY en caso de mal tiempo?<\/b><\/h2>\n<p>Si el patr\u00f3n decide que las condiciones no son aptas para salir a navegar<strong>\u00a0<\/strong>(lluvia o mala mar) podemos <strong>aplazar la salida<\/strong> a otro d\u00eda <strong>o<\/strong> te <strong>devolveremos la totalidad del importe<\/strong>.<\/p>\n<\/div><\/div><\/div><\/div><\/div><\/p>\n","protected":false},"excerpt":{"rendered":"<p>\u00bfEst\u00e1s buscando una forma divertida y diferente de celebrar un <strong>cumplea\u00f1os<\/strong>, <strong>despedida de soltera<\/strong> o <strong>fiesta<\/strong>? \u00a1Tenemos la soluci\u00f3n perfecta para ti! Alquilar un <strong>barco privado<\/strong> desde el Port Ol\u00edmpic de Barcelona.<\/p>\n","protected":false},"featured_media":1687,"comment_status":"open","ping_status":"closed","template":"","meta":[],"product_cat":[80],"product_tag":[87],"_links":{"self":[{"href":"https:\/\/sailingtourbarcelona.com\/es\/wp-json\/wp\/v2\/product\/1642"}],"collection":[{"href":"https:\/\/sailingtourbarcelona.com\/es\/wp-json\/wp\/v2\/product"}],"about":[{"href":"https:\/\/sailingtourbarcelona.com\/es\/wp-json\/wp\/v2\/types\/product"}],"replies":[{"embeddable":true,"href":"https:\/\/sailingtourbarcelona.com\/es\/wp-json\/wp\/v2\/comments?post=1642"}],"wp:featuredmedia":[{"embeddable":true,"href":"https:\/\/sailingtourbarcelona.com\/es\/wp-json\/wp\/v2\/media\/1687"}],"wp:attachment":[{"href":"https:\/\/sailingtourbarcelona.com\/es\/wp-json\/wp\/v2\/media?parent=1642"}],"wp:term":[{"taxonomy":"product_cat","embeddable":true,"href":"https:\/\/sailingtourbarcelona.com\/es\/wp-json\/wp\/v2\/product_cat?post=1642"},{"taxonomy":"product_tag","embeddable":true,"href":"https:\/\/sailingtourbarcelona.com\/es\/wp-json\/wp\/v2\/product_tag?post=1642"}],"curies":[{"name":"wp","href":"https:\/\/api.w.org\/{rel}","templated":true}]}}