{"id":1715,"date":"2023-04-12T09:56:43","date_gmt":"2023-04-12T07:56:43","guid":{"rendered":"https:\/\/sailingtourbarcelona.com\/?post_type=product&#038;p=1715"},"modified":"2025-06-11T10:38:15","modified_gmt":"2025-06-11T08:38:15","slug":"team-building-y-eventos-en-barcelona-6-horas","status":"publish","type":"product","link":"https:\/\/sailingtourbarcelona.com\/es\/producto\/team-building-y-eventos-en-barcelona-6-horas\/","title":{"rendered":"Team Building y eventos en Barcelona &#8211; 6 horas"},"content":{"rendered":"<p><div class=\"fusion-fullwidth fullwidth-box fusion-builder-row-1 fusion-flex-container has-pattern-background has-mask-background nonhundred-percent-fullwidth non-hundred-percent-height-scrolling\" style=\"--awb-border-radius-top-left:0px;--awb-border-radius-top-right:0px;--awb-border-radius-bottom-right:0px;--awb-border-radius-bottom-left:0px;--awb-padding-top:50px;--awb-padding-right:30px;--awb-padding-bottom:50px;--awb-padding-left:30px;--awb-margin-top:50px;--awb-margin-bottom:50px;--awb-background-color:var(--awb-color3);--awb-flex-wrap:wrap;\" ><div class=\"fusion-builder-row fusion-row fusion-flex-align-items-flex-start fusion-flex-content-wrap\" style=\"max-width:1248px;margin-left: calc(-4% \/ 2 );margin-right: calc(-4% \/ 2 );\"><div class=\"fusion-layout-column fusion_builder_column fusion-builder-column-0 fusion_builder_column_1_1 1_1 fusion-flex-column\" style=\"--awb-bg-size:cover;--awb-width-large:100%;--awb-margin-top-large:0px;--awb-spacing-right-large:1.92%;--awb-margin-bottom-large:0px;--awb-spacing-left-large:1.92%;--awb-width-medium:100%;--awb-spacing-right-medium:1.92%;--awb-spacing-left-medium:1.92%;--awb-width-small:100%;--awb-spacing-right-small:1.92%;--awb-spacing-left-small:1.92%;\"><div class=\"fusion-column-wrapper fusion-flex-justify-content-flex-start fusion-content-layout-column\"><div class=\"fusion-text fusion-text-1\"><p>Alquilar un velero en Barcelona es una opci\u00f3n ideal para empresas que quieren trabajar en equipo y desconectar de la rutina del d\u00eda a d\u00eda. Trabajar juntos en <strong>un barco es similar a c\u00f3mo funciona una empresa<\/strong>: para que todo funcione correctamente, es necesario que todos trabajen al mismo tiempo y se comuniquen de manera efectiva.<\/p>\n<p>Algo a tener en cuenta es que un Team Building en velero <strong>se puede realizar en cualquier \u00e9poca del a\u00f1o<\/strong> gracias al clima mediterr\u00e1neo de Barcelona.<\/p>\n<p>Podr\u00e9is elegir entre diversos tipos de actividades como una <strong>regata<\/strong> con diferentes barcos, una <strong>traves\u00eda de fin de semana<\/strong>, competici\u00f3n de nudos b\u00fasqueda en el mar o <strong>simplemente un d\u00eda de sol y relax<\/strong> para conocerse en una actividad m\u00e1s distendida.<\/p>\n<p>Os animamos a que contact\u00e9is previamente con nosotros y poder adecuar una actividad a vuestro equipo de trabajo y necesidades.<\/p>\n<p>Podemos realizar <strong>eventos<\/strong> corporativos <strong>de<\/strong> <strong>hasta 60 personas <\/strong>ya que tenemos disponibles varios catamaranes muy amplios.<\/p>\n<p>Esta actividad se realizar\u00e1 siempre con un <strong>patr\u00f3n profesional<\/strong> que les guiar\u00e1 y les ense\u00f1ar\u00e1 todo lo necesario para que la <strong>experiencia sea segura y divertida<\/strong>. Tambi\u00e9n tendr\u00e1n la oportunidad de conocer el skyline de Barcelona desde el mar, una vista \u00fanica.<\/p>\n<p>El alquiler de un velero en Barcelona es una actividad diferente y \u00fanica que <strong>no solo mejorar\u00e1 la cohesi\u00f3n del equipo, sino que tambi\u00e9n les brindar\u00e1 una experiencia memorable<\/strong>.<\/p>\n<p>\u00a1No lo dudes m\u00e1s y atr\u00e9vete a vivir esta aventura en el mar!<\/p>\n<p>Si necesitas que preparemos\u00a0<strong>algo especial<\/strong>\u00a0en el barco (colocaci\u00f3n de pancartas corporativas, banderines publicitarios, etc..) haremos todo lo posible para que est\u00e9 a punto ese d\u00eda.<\/p>\n<p>Contacta con nosotros y, dependiendo de vuestras necesidades, <strong>crearemos una actividad a vuestra medida<\/strong>.<\/p>\n<\/div><\/div><\/div><\/div><\/div><div class=\"fusion-fullwidth fullwidth-box fusion-builder-row-2 fusion-flex-container nonhundred-percent-fullwidth non-hundred-percent-height-scrolling\" style=\"--awb-border-radius-top-left:0px;--awb-border-radius-top-right:0px;--awb-border-radius-bottom-right:0px;--awb-border-radius-bottom-left:0px;--awb-flex-wrap:wrap;\" ><div class=\"fusion-builder-row fusion-row fusion-flex-align-items-flex-start fusion-flex-content-wrap\" style=\"max-width:1248px;margin-left: calc(-4% \/ 2 );margin-right: calc(-4% \/ 2 );\"><div class=\"fusion-layout-column fusion_builder_column fusion-builder-column-1 fusion_builder_column_1_1 1_1 fusion-flex-column\" style=\"--awb-bg-size:cover;--awb-width-large:100%;--awb-margin-top-large:0px;--awb-spacing-right-large:1.92%;--awb-margin-bottom-large:40px;--awb-spacing-left-large:1.92%;--awb-width-medium:100%;--awb-order-medium:0;--awb-spacing-right-medium:1.92%;--awb-spacing-left-medium:1.92%;--awb-width-small:100%;--awb-order-small:0;--awb-spacing-right-small:1.92%;--awb-spacing-left-small:1.92%;\"><div class=\"fusion-column-wrapper fusion-column-has-shadow fusion-flex-justify-content-flex-start fusion-content-layout-column\"><div class=\"fusion-text fusion-text-2\"><h2>\u00bfC\u00f3mo son los veleros?<\/h2>\n<p>Los veleros tienen una <strong>capacidad aproximada de 11 pasajeros<\/strong>, ideal para equipos de trabajo numerosos.<\/p>\n<p>En el caso de los <strong>catamaranes<\/strong> caben hasta <strong>30 personas<\/strong>. Para grupos mayores de 11 personas poneros en contacto con nosotros y os haremos un presupuesto m\u00e1s concreto y adecuado a vuestras necesidades.<\/p>\n<p><strong>Los veleros tienen nevera<\/strong>. Aunque hay una bebida de bienvenida por persona (cerveza, refrescos, agua) y algo de picar, ten\u00e9is la opci\u00f3n de traer las vuestras propias y catering para disfrutar abordo.<\/p>\n<p><strong>Disponemos de lavabo a bordo<\/strong>. Al alquilar barco Barcelona es muy importante disponer de WC.<\/p>\n<div class=\"notranslate\" style=\"all: initial;\"><\/div>\n<\/div><\/div><\/div><div class=\"fusion-layout-column fusion_builder_column fusion-builder-column-2 fusion_builder_column_1_3 1_3 fusion-flex-column\" style=\"--awb-bg-size:cover;--awb-width-large:33.333333333333%;--awb-margin-top-large:0px;--awb-spacing-right-large:5.76%;--awb-margin-bottom-large:40px;--awb-spacing-left-large:5.76%;--awb-width-medium:100%;--awb-order-medium:0;--awb-spacing-right-medium:1.92%;--awb-spacing-left-medium:1.92%;--awb-width-small:100%;--awb-order-small:0;--awb-spacing-right-small:1.92%;--awb-spacing-left-small:1.92%;\"><div class=\"fusion-column-wrapper fusion-column-has-shadow fusion-flex-justify-content-flex-start fusion-content-layout-column\"><div class=\"fusion-text fusion-text-3\"><h2><b>\u00bfQu\u00e9 tengo que traer?<\/b><\/h2>\n<ol>\n<li aria-level=\"1\">Ropa c\u00f3moda.<\/li>\n<li aria-level=\"1\">Protecci\u00f3n solar.<\/li>\n<li aria-level=\"1\">Ropa de ba\u00f1o (en \u00e9poca estival).<\/li>\n<li aria-level=\"1\">Muchas ganas de vivir una experiencia fant\u00e1stica.<\/li>\n<\/ol>\n<\/div><\/div><\/div><div class=\"fusion-layout-column fusion_builder_column fusion-builder-column-3 fusion_builder_column_1_3 1_3 fusion-flex-column\" style=\"--awb-bg-size:cover;--awb-width-large:33.333333333333%;--awb-margin-top-large:0px;--awb-spacing-right-large:5.76%;--awb-margin-bottom-large:40px;--awb-spacing-left-large:5.76%;--awb-width-medium:100%;--awb-order-medium:0;--awb-spacing-right-medium:1.92%;--awb-spacing-left-medium:1.92%;--awb-width-small:100%;--awb-order-small:0;--awb-spacing-right-small:1.92%;--awb-spacing-left-small:1.92%;\"><div class=\"fusion-column-wrapper fusion-column-has-shadow fusion-flex-justify-content-flex-start fusion-content-layout-column\"><div class=\"fusion-text fusion-text-4\"><h2><b>\u00bfNecesitas fot\u00f3grafo?<\/b><\/h2>\n<p>Ofrecemos servicios de fotograf\u00eda y video. Nuestros fot\u00f3grafos y vide\u00f3grafos est\u00e1n disponibles para capturar los mejores momentos del evento y garantizar que tenga un recuerdo de su experiencia en velero. \u00a1P\u00eddenos presupuesto!<\/p>\n<\/div><\/div><\/div><div class=\"fusion-layout-column fusion_builder_column fusion-builder-column-4 fusion_builder_column_1_3 1_3 fusion-flex-column\" style=\"--awb-bg-size:cover;--awb-width-large:33.333333333333%;--awb-margin-top-large:0px;--awb-spacing-right-large:5.76%;--awb-margin-bottom-large:40px;--awb-spacing-left-large:5.76%;--awb-width-medium:100%;--awb-order-medium:0;--awb-spacing-right-medium:1.92%;--awb-spacing-left-medium:1.92%;--awb-width-small:100%;--awb-order-small:0;--awb-spacing-right-small:1.92%;--awb-spacing-left-small:1.92%;\"><div class=\"fusion-column-wrapper fusion-column-has-shadow fusion-flex-justify-content-flex-start fusion-content-layout-column\"><div class=\"fusion-text fusion-text-5\"><h2><b>\u00bfY en caso de mal tiempo?<\/b><\/h2>\n<p>Si el patr\u00f3n decide que las condiciones no son aptas para salir a navegar<strong>\u00a0<\/strong>(lluvia o mala mar) podemos <strong>proponer otra fecha para realizar el Team Building<\/strong> <strong>o<\/strong> <strong>devolveremos la totalidad del importe<\/strong>.<\/p>\n<\/div><\/div><\/div><\/div><\/div><\/p>\n","protected":false},"excerpt":{"rendered":"<p>\u00bfEst\u00e1s buscando una actividad diferente para tu empresa que fomente la cohesi\u00f3n de equipo? Te proponemos una idea \u00fanica: un <strong>Team Building en velero en Barcelona o evento corporativo.<\/strong><\/p>\n","protected":false},"featured_media":1791,"comment_status":"open","ping_status":"closed","template":"","meta":[],"product_cat":[84],"product_tag":[90],"_links":{"self":[{"href":"https:\/\/sailingtourbarcelona.com\/es\/wp-json\/wp\/v2\/product\/1715"}],"collection":[{"href":"https:\/\/sailingtourbarcelona.com\/es\/wp-json\/wp\/v2\/product"}],"about":[{"href":"https:\/\/sailingtourbarcelona.com\/es\/wp-json\/wp\/v2\/types\/product"}],"replies":[{"embeddable":true,"href":"https:\/\/sailingtourbarcelona.com\/es\/wp-json\/wp\/v2\/comments?post=1715"}],"wp:featuredmedia":[{"embeddable":true,"href":"https:\/\/sailingtourbarcelona.com\/es\/wp-json\/wp\/v2\/media\/1791"}],"wp:attachment":[{"href":"https:\/\/sailingtourbarcelona.com\/es\/wp-json\/wp\/v2\/media?parent=1715"}],"wp:term":[{"taxonomy":"product_cat","embeddable":true,"href":"https:\/\/sailingtourbarcelona.com\/es\/wp-json\/wp\/v2\/product_cat?post=1715"},{"taxonomy":"product_tag","embeddable":true,"href":"https:\/\/sailingtourbarcelona.com\/es\/wp-json\/wp\/v2\/product_tag?post=1715"}],"curies":[{"name":"wp","href":"https:\/\/api.w.org\/{rel}","templated":true}]}}