{"id":2250,"date":"2024-03-19T13:02:32","date_gmt":"2024-03-19T12:02:32","guid":{"rendered":"https:\/\/sailingtourbarcelona.com\/?post_type=product&#038;p=2250"},"modified":"2024-03-22T12:47:12","modified_gmt":"2024-03-22T11:47:12","slug":"29-agosto-al-8-septiembre-louis-vuitton-cup-round-robin-regata-puig-classic","status":"publish","type":"product","link":"https:\/\/sailingtourbarcelona.com\/es\/producto\/29-agosto-al-8-septiembre-louis-vuitton-cup-round-robin-regata-puig-classic\/","title":{"rendered":"LOUIS VUITTON CUP ROUND  ROBIN &#8211; REGATA PUIG CLASSIC"},"content":{"rendered":"<p><div class=\"fusion-fullwidth fullwidth-box fusion-builder-row-1 fusion-flex-container has-pattern-background has-mask-background nonhundred-percent-fullwidth non-hundred-percent-height-scrolling\" style=\"--awb-border-radius-top-left:0px;--awb-border-radius-top-right:0px;--awb-border-radius-bottom-right:0px;--awb-border-radius-bottom-left:0px;--awb-padding-top:50px;--awb-padding-right:30px;--awb-padding-bottom:50px;--awb-padding-left:30px;--awb-margin-top:50px;--awb-margin-bottom:50px;--awb-background-color:var(--awb-color3);--awb-flex-wrap:wrap;\" ><div class=\"fusion-builder-row fusion-row fusion-flex-align-items-flex-start fusion-flex-content-wrap\" style=\"max-width:1248px;margin-left: calc(-4% \/ 2 );margin-right: calc(-4% \/ 2 );\"><div class=\"fusion-layout-column fusion_builder_column fusion-builder-column-0 fusion_builder_column_1_1 1_1 fusion-flex-column\" style=\"--awb-bg-size:cover;--awb-width-large:100%;--awb-margin-top-large:0px;--awb-spacing-right-large:1.92%;--awb-margin-bottom-large:0px;--awb-spacing-left-large:1.92%;--awb-width-medium:100%;--awb-spacing-right-medium:1.92%;--awb-spacing-left-medium:1.92%;--awb-width-small:100%;--awb-spacing-right-small:1.92%;--awb-spacing-left-small:1.92%;\"><div class=\"fusion-column-wrapper fusion-flex-justify-content-flex-start fusion-content-layout-column\"><div class=\"fusion-text fusion-text-1\"><h2>Te cuento el plan:<\/h2>\n<p>\u00a1Emb\u00e1rcate en una emocionante jornada desde el Puerto de Matar\u00f3 hacia Barcelona y sum\u00e9rgete en la emoci\u00f3n de la Copa Am\u00e9rica! \u00danete a nuestro tour y explora los momentos m\u00e1s destacados de esta competici\u00f3n desde el mar, donde podr\u00e1s disfrutar de la <strong>Louis Vuitton Cup Round Robin<\/strong> con veleros AC75, as\u00ed como la <strong>Regata Puig Classic<\/strong> y la <strong>12M Race<\/strong>.<\/p>\n<p>Durante la salida en velero, que tiene lugar del 29 de agosto al 8 de septiembre, podr\u00e1s disfrutar de una bebida por persona incluida en la tarifa. Adem\u00e1s, nuestro equipo estar\u00e1 a tu disposici\u00f3n para brindarte informaci\u00f3n detallada sobre los eventos, los veleros y la navegaci\u00f3n en general, para que puedas vivir una experiencia enriquecedora y emocionante.<\/p>\n<p>Con una capacidad m\u00e1xima de 9 personas, este tour es ideal para grupos de amigos, parejas o familias que deseen compartir esta aventura \u00fanica en el mar y disfrutar del ambiente de la <strong>Copa Am\u00e9rica<\/strong> desde una perspectiva privilegiada.<\/p>\n<p>No tienes de qu\u00e9 preocuparte, nuestros <strong>patrones<\/strong> cuentan con una amplia experiencia en navegaci\u00f3n y te garantizamos una experiencia segura y sin contratiempos.<\/p>\n<p>Si est\u00e1s buscando una experiencia \u00fanica y emocionante, reserva ahora mismo tu lugar en nuestro tour y disfruta del emocionante mundo de las regatas desde la comodidad de nuestros propios veleros. Te aseguramos que <strong>ser\u00e1 una experiencia inolvidable.<\/strong><\/p>\n<\/div><\/div><\/div><\/div><\/div><div class=\"fusion-fullwidth fullwidth-box fusion-builder-row-2 fusion-flex-container nonhundred-percent-fullwidth non-hundred-percent-height-scrolling\" style=\"--awb-border-radius-top-left:0px;--awb-border-radius-top-right:0px;--awb-border-radius-bottom-right:0px;--awb-border-radius-bottom-left:0px;--awb-flex-wrap:wrap;\" ><div class=\"fusion-builder-row fusion-row fusion-flex-align-items-flex-start fusion-flex-content-wrap\" style=\"max-width:1248px;margin-left: calc(-4% \/ 2 );margin-right: calc(-4% \/ 2 );\"><div class=\"fusion-layout-column fusion_builder_column fusion-builder-column-1 fusion_builder_column_1_1 1_1 fusion-flex-column\" style=\"--awb-bg-size:cover;--awb-width-large:100%;--awb-margin-top-large:0px;--awb-spacing-right-large:1.92%;--awb-margin-bottom-large:40px;--awb-spacing-left-large:1.92%;--awb-width-medium:100%;--awb-order-medium:0;--awb-spacing-right-medium:1.92%;--awb-spacing-left-medium:1.92%;--awb-width-small:100%;--awb-order-small:0;--awb-spacing-right-small:1.92%;--awb-spacing-left-small:1.92%;\"><div class=\"fusion-column-wrapper fusion-column-has-shadow fusion-flex-justify-content-flex-start fusion-content-layout-column\"><div class=\"fusion-text fusion-text-2\"><h2>\u00bfC\u00f3mo son los veleros?<\/h2>\n<p>Los veleros tienen una\u00a0<strong>capacidad m\u00e1xima de 9 pasajeros<\/strong>\u00a0sin contar el patr\u00f3n.<\/p>\n<p><strong>Los veleros tienen nevera<\/strong>. Aunque hay una bebida de bienvenida por persona (cerveza, refrescos, agua) y algo de picar, ten\u00e9is la opci\u00f3n de traer las vuestras propias y catering para disfrutar abordo.<\/p>\n<p><strong>Disponemos de lavabo a bordo<\/strong>.<\/p>\n<\/div><\/div><\/div><div class=\"fusion-layout-column fusion_builder_column fusion-builder-column-2 fusion_builder_column_1_3 1_3 fusion-flex-column\" style=\"--awb-bg-size:cover;--awb-width-large:33.333333333333%;--awb-margin-top-large:0px;--awb-spacing-right-large:5.76%;--awb-margin-bottom-large:40px;--awb-spacing-left-large:5.76%;--awb-width-medium:100%;--awb-order-medium:0;--awb-spacing-right-medium:1.92%;--awb-spacing-left-medium:1.92%;--awb-width-small:100%;--awb-order-small:0;--awb-spacing-right-small:1.92%;--awb-spacing-left-small:1.92%;\"><div class=\"fusion-column-wrapper fusion-column-has-shadow fusion-flex-justify-content-flex-start fusion-content-layout-column\"><div class=\"fusion-text fusion-text-3\"><h2><b>\u00bfQu\u00e9 tengo que traer?<\/b><\/h2>\n<ol>\n<li aria-level=\"1\">Ropa c\u00f3moda.<\/li>\n<li aria-level=\"1\">Protecci\u00f3n solar.<\/li>\n<li aria-level=\"1\">Ropa de ba\u00f1o si se desea.<\/li>\n<li aria-level=\"1\">Muchas ganas de vivir una experiencia fant\u00e1stica.<\/li>\n<\/ol>\n<\/div><\/div><\/div><div class=\"fusion-layout-column fusion_builder_column fusion-builder-column-3 fusion_builder_column_1_3 1_3 fusion-flex-column\" style=\"--awb-bg-size:cover;--awb-width-large:33.333333333333%;--awb-margin-top-large:0px;--awb-spacing-right-large:5.76%;--awb-margin-bottom-large:40px;--awb-spacing-left-large:5.76%;--awb-width-medium:100%;--awb-order-medium:0;--awb-spacing-right-medium:1.92%;--awb-spacing-left-medium:1.92%;--awb-width-small:100%;--awb-order-small:0;--awb-spacing-right-small:1.92%;--awb-spacing-left-small:1.92%;\"><div class=\"fusion-column-wrapper fusion-column-has-shadow fusion-flex-justify-content-flex-start fusion-content-layout-column\"><div class=\"fusion-text fusion-text-4\"><h2><b>\u00bfNecesitas fot\u00f3grafo?<\/b><\/h2>\n<p>Ofrecemos servicios de fotograf\u00eda y video. Nuestros fot\u00f3grafos y vide\u00f3grafos est\u00e1n disponibles para capturar los mejores momentos del evento y garantizar que tenga un recuerdo de su experiencia en velero. \u00a1P\u00eddenos presupuesto!<\/p>\n<\/div><\/div><\/div><div class=\"fusion-layout-column fusion_builder_column fusion-builder-column-4 fusion_builder_column_1_3 1_3 fusion-flex-column\" style=\"--awb-bg-size:cover;--awb-width-large:33.333333333333%;--awb-margin-top-large:0px;--awb-spacing-right-large:5.76%;--awb-margin-bottom-large:40px;--awb-spacing-left-large:5.76%;--awb-width-medium:100%;--awb-order-medium:0;--awb-spacing-right-medium:1.92%;--awb-spacing-left-medium:1.92%;--awb-width-small:100%;--awb-order-small:0;--awb-spacing-right-small:1.92%;--awb-spacing-left-small:1.92%;\"><div class=\"fusion-column-wrapper fusion-column-has-shadow fusion-flex-justify-content-flex-start fusion-content-layout-column\"><div class=\"fusion-text fusion-text-5\"><h2><b>\u00bfY en caso de mal tiempo?<\/b><\/h2>\n<p>Si el patr\u00f3n decide que las condiciones no son aptas para salir a navegar<strong>\u00a0<\/strong>(lluvia o mala mar) podemos proponer otra fecha para realizar la salida o devolveremos la totalidad del importe.<\/p>\n<\/div><\/div><\/div><\/div><\/div><\/p>\n","protected":false},"excerpt":{"rendered":"<p>Prep\u00e1rate para disfrutar de la Copa Am\u00e9rica con toda su emoci\u00f3n.<\/p>\n","protected":false},"featured_media":2283,"comment_status":"open","ping_status":"closed","template":"","meta":[],"product_cat":[106],"product_tag":[90],"_links":{"self":[{"href":"https:\/\/sailingtourbarcelona.com\/es\/wp-json\/wp\/v2\/product\/2250"}],"collection":[{"href":"https:\/\/sailingtourbarcelona.com\/es\/wp-json\/wp\/v2\/product"}],"about":[{"href":"https:\/\/sailingtourbarcelona.com\/es\/wp-json\/wp\/v2\/types\/product"}],"replies":[{"embeddable":true,"href":"https:\/\/sailingtourbarcelona.com\/es\/wp-json\/wp\/v2\/comments?post=2250"}],"wp:featuredmedia":[{"embeddable":true,"href":"https:\/\/sailingtourbarcelona.com\/es\/wp-json\/wp\/v2\/media\/2283"}],"wp:attachment":[{"href":"https:\/\/sailingtourbarcelona.com\/es\/wp-json\/wp\/v2\/media?parent=2250"}],"wp:term":[{"taxonomy":"product_cat","embeddable":true,"href":"https:\/\/sailingtourbarcelona.com\/es\/wp-json\/wp\/v2\/product_cat?post=2250"},{"taxonomy":"product_tag","embeddable":true,"href":"https:\/\/sailingtourbarcelona.com\/es\/wp-json\/wp\/v2\/product_tag?post=2250"}],"curies":[{"name":"wp","href":"https:\/\/api.w.org\/{rel}","templated":true}]}}